{"id":845,"date":"2023-10-27T04:00:46","date_gmt":"2023-10-27T04:00:46","guid":{"rendered":"https:\/\/firstseniorcenter.com\/?page_id=845"},"modified":"2023-10-27T11:42:46","modified_gmt":"2023-10-27T11:42:46","slug":"chuong-trinh-cham-soc-suc-khoe-cao-nien-tai-trung-tam","status":"publish","type":"page","link":"http:\/\/firstseniorcenter.com\/en\/chuong-trinh-cham-soc-suc-khoe-cao-nien-tai-trung-tam\/","title":{"rendered":"Ch\u01b0\u01a1ng tr\u00ecnh Ch\u0103m S\u00f3c S\u1ee9c Kh\u1ecfe Cao Ni\u00ean T\u1ea1i Trung T\u00e2m"},"content":{"rendered":"<div data-elementor-type=\"wp-page\" data-elementor-id=\"845\" class=\"elementor elementor-845\" data-elementor-post-type=\"page\">\n\t\t\t\t\t\t\t<div class=\"elementor-element elementor-element-ba900fd e-flex e-con-boxed e-con e-parent\" data-id=\"ba900fd\" data-element_type=\"container\" data-settings=\"{&quot;container_type&quot;:&quot;flex&quot;,&quot;content_width&quot;:&quot;boxed&quot;}\" data-core-v316-plus=\"true\">\n\t\t\t\t\t<div class=\"e-con-inner\">\n\t\t<div class=\"elementor-element elementor-element-bcf4d9a e-flex e-con-boxed e-con e-child\" data-id=\"bcf4d9a\" data-element_type=\"container\" data-settings=\"{&quot;container_type&quot;:&quot;flex&quot;,&quot;content_width&quot;:&quot;boxed&quot;}\">\n\t\t\t\t\t<div class=\"e-con-inner\">\n\t\t<div class=\"elementor-element elementor-element-9a9835e e-con-full e-flex e-con e-child\" data-id=\"9a9835e\" data-element_type=\"container\" data-settings=\"{&quot;content_width&quot;:&quot;full&quot;,&quot;background_background&quot;:&quot;classic&quot;,&quot;container_type&quot;:&quot;flex&quot;}\">\n\t\t\t\t<div class=\"elementor-element elementor-element-408c54c elementor-widget elementor-widget-image\" data-id=\"408c54c\" data-element_type=\"widget\" data-widget_type=\"image.default\">\n\t\t\t\t<div class=\"elementor-widget-container\">\n\t\t\t<style>\/*! elementor - v3.18.0 - 08-12-2023 *\/\n.elementor-widget-image{text-align:center}.elementor-widget-image a{display:inline-block}.elementor-widget-image a img[src$=\".svg\"]{width:48px}.elementor-widget-image img{vertical-align:middle;display:inline-block}<\/style>\t\t\t\t\t\t\t\t\t\t\t\t<img decoding=\"async\" width=\"233\" height=\"169\" src=\"https:\/\/firstseniorcenter.com\/wp-content\/uploads\/2023\/10\/2023-10-27_133820.png\" class=\"attachment-full size-full wp-image-892\" alt=\"\" \/>\t\t\t\t\t\t\t\t\t\t\t\t\t\t\t<\/div>\n\t\t\t\t<\/div>\n\t\t\t\t<\/div>\n\t\t<div class=\"elementor-element elementor-element-d8fe184 e-con-full e-flex e-con e-child\" data-id=\"d8fe184\" data-element_type=\"container\" data-settings=\"{&quot;content_width&quot;:&quot;full&quot;,&quot;container_type&quot;:&quot;flex&quot;}\">\n\t\t\t\t<div class=\"elementor-element elementor-element-9fca806 elementor-widget elementor-widget-heading\" data-id=\"9fca806\" data-element_type=\"widget\" data-widget_type=\"heading.default\">\n\t\t\t\t<div class=\"elementor-widget-container\">\n\t\t\t<style>\/*! elementor - v3.18.0 - 08-12-2023 *\/\n.elementor-heading-title{padding:0;margin:0;line-height:1}.elementor-widget-heading .elementor-heading-title[class*=elementor-size-]>a{color:inherit;font-size:inherit;line-height:inherit}.elementor-widget-heading .elementor-heading-title.elementor-size-small{font-size:15px}.elementor-widget-heading .elementor-heading-title.elementor-size-medium{font-size:19px}.elementor-widget-heading .elementor-heading-title.elementor-size-large{font-size:29px}.elementor-widget-heading .elementor-heading-title.elementor-size-xl{font-size:39px}.elementor-widget-heading .elementor-heading-title.elementor-size-xxl{font-size:59px}<\/style><h2 class=\"elementor-heading-title elementor-size-default\">Ch\u01b0\u01a1ng tr\u00ecnh<\/h2>\t\t<\/div>\n\t\t\t\t<\/div>\n\t\t\t\t<div class=\"elementor-element elementor-element-d5a8432 elementor-widget elementor-widget-heading\" data-id=\"d5a8432\" data-element_type=\"widget\" data-widget_type=\"heading.default\">\n\t\t\t\t<div class=\"elementor-widget-container\">\n\t\t\t<h1 class=\"elementor-heading-title elementor-size-default\">Ch\u0103m S\u00f3c S\u1ee9c Kh\u1ecfe Cao Ni\u00ean T\u1ea1i Trung T\u00e2m\n<\/h1>\t\t<\/div>\n\t\t\t\t<\/div>\n\t\t\t\t<\/div>\n\t\t\t\t\t<\/div>\n\t\t\t\t<\/div>\n\t\t<div class=\"elementor-element elementor-element-4125eab e-flex e-con-boxed e-con e-child\" data-id=\"4125eab\" data-element_type=\"container\" data-settings=\"{&quot;container_type&quot;:&quot;flex&quot;,&quot;content_width&quot;:&quot;boxed&quot;}\">\n\t\t\t\t\t<div class=\"e-con-inner\">\n\t\t\t\t<div class=\"elementor-element elementor-element-45bdf99 elementor-widget elementor-widget-heading\" data-id=\"45bdf99\" data-element_type=\"widget\" data-widget_type=\"heading.default\">\n\t\t\t\t<div class=\"elementor-widget-container\">\n\t\t\t<h2 class=\"elementor-heading-title elementor-size-default\">V\u00ec Sao Qu\u00fd Cao Ni\u00ean n\u00ean tr\u1edf th\u00e0nh H\u1ed9i Vi\u00ean c\u1ee7a Trung T\u00e2m?<\/h2>\t\t<\/div>\n\t\t\t\t<\/div>\n\t\t\t\t<div class=\"elementor-element elementor-element-3835c51 elementor-widget elementor-widget-text-editor\" data-id=\"3835c51\" data-element_type=\"widget\" data-widget_type=\"text-editor.default\">\n\t\t\t\t<div class=\"elementor-widget-container\">\n\t\t\t<style>\/*! elementor - v3.18.0 - 08-12-2023 *\/\n.elementor-widget-text-editor.elementor-drop-cap-view-stacked .elementor-drop-cap{background-color:#69727d;color:#fff}.elementor-widget-text-editor.elementor-drop-cap-view-framed .elementor-drop-cap{color:#69727d;border:3px solid;background-color:transparent}.elementor-widget-text-editor:not(.elementor-drop-cap-view-default) .elementor-drop-cap{margin-top:8px}.elementor-widget-text-editor:not(.elementor-drop-cap-view-default) .elementor-drop-cap-letter{width:1em;height:1em}.elementor-widget-text-editor .elementor-drop-cap{float:left;text-align:center;line-height:1;font-size:50px}.elementor-widget-text-editor .elementor-drop-cap-letter{display:inline-block}<\/style>\t\t\t\t<span style=\"color: #1a4c25; font-weight: bold\"\n        >First Senior Center<\/span> l\u00e0 m\u1ed9t trung t\u00e2m <span style=\"color: #1a4c25; font-weight: bold\"\n        >CH\u0102M S\u00d3C S\u1ee8C KH\u1eceE BAN NG\u00c0Y (DAYCARE) cho Qu\u00fd Cao Ni\u00ean<\/span>. T\u1ea1i \u0111\u00e2y, ch\u00fang t\u00f4i c\u00f3 c\u00e1c ho\u1ea1t \u0111\u1ed9ng \u0111\u1ec3 gi\u00fap H\u1ed9i vi\u00ean n\u00e2ng cao c\u1ea3 th\u1ec3 ch\u1ea5t v\u00e0 tinh th\u1ea7n nh\u01b0:\t\t\t\t\t\t<\/div>\n\t\t\t\t<\/div>\n\t\t\t\t<div class=\"elementor-element elementor-element-7509c82 elementor-widget elementor-widget-heading\" data-id=\"7509c82\" data-element_type=\"widget\" data-widget_type=\"heading.default\">\n\t\t\t\t<div class=\"elementor-widget-container\">\n\t\t\t<h2 class=\"elementor-heading-title elementor-size-default\">1. D\u1ecbch v\u1ee5 ch\u0103m s\u00f3c s\u1ee9c kh\u1ecfe:<\/h2>\t\t<\/div>\n\t\t\t\t<\/div>\n\t\t\t\t<div class=\"elementor-element elementor-element-194f7b0 elementor-widget elementor-widget-text-editor\" data-id=\"194f7b0\" data-element_type=\"widget\" data-widget_type=\"text-editor.default\">\n\t\t\t\t<div class=\"elementor-widget-container\">\n\t\t\t\t\t\t\t<p>&#8211; Y t\u00e1 tr\u1ef1c ti\u1ebfp th\u0103m h\u1ecfi v\u00e0 ch\u0103m s\u00f3c s\u1ee9c kh\u1ecfe c\u00e1c v\u1ecb cao ni\u00ean h\u00e0ng ng\u00e0y. <br \/>&#8211; V\u1eadt l\u00fd tr\u1ecb li\u1ec7u v\u00e0 ch\u00e2m c\u1ee9u.<br \/>&#8211; B\u00e1c S\u0129 chuy\u00ean m\u00f4n gi\u1ea3i \u0111\u00e1p c\u00e1c th\u1eafc m\u1eafc li\u00ean quan \u0111\u1ebfn b\u1ec7nh ng\u01b0\u1eddi cao tu\u1ed5i.<br \/>&#8211; C\u00e1c l\u1edbp th\u1ec3 d\u1ee5c, d\u01b0\u1ee1ng sinh.<br \/>&#8211; \u0110\u01b0\u1ee3c \u01b0u ti\u00ean ch\u00edch ng\u1eeba s\u1edbm ngay t\u1ea1i Trung T\u00e2m.<\/p>\t\t\t\t\t\t<\/div>\n\t\t\t\t<\/div>\n\t\t\t\t<div class=\"elementor-element elementor-element-e822191 elementor-widget elementor-widget-heading\" data-id=\"e822191\" data-element_type=\"widget\" data-widget_type=\"heading.default\">\n\t\t\t\t<div class=\"elementor-widget-container\">\n\t\t\t<h2 class=\"elementor-heading-title elementor-size-default\">2. D\u1ecbch v\u1ee5 vui ch\u01a1i gi\u1ea3i tr\u00ed n\u00e2ng cao \u0111\u1eddi s\u1ed1ng tinh th\u1ea7n:<\/h2>\t\t<\/div>\n\t\t\t\t<\/div>\n\t\t\t\t<div class=\"elementor-element elementor-element-885de6a elementor-widget elementor-widget-text-editor\" data-id=\"885de6a\" data-element_type=\"widget\" data-widget_type=\"text-editor.default\">\n\t\t\t\t<div class=\"elementor-widget-container\">\n\t\t\t\t\t\t\t<p>&#8211; L\u1edbp h\u1ecdc ti\u1ebfng Anh, vi t\u00ednh, v\u00e0 c\u00e1ch d\u00f9ng \u0111i\u1ec7n tho\u1ea1i.<br \/>&#8211; H\u00e1t cho nhau nghe, khi\u00eau v\u0169, h\u1ed9i h\u1ecda, trang tr\u00ed, b\u00f3ng b\u00e0n, c\u1edd vua, c\u1edd t\u01b0\u1edbng, c\u00e1 ng\u1ef1a, domino v\u00e0 l\u00f4 t\u00f4 tr\u00fang th\u01b0\u1edfng&#8230;<br \/>&#8211; G\u1ed9i \u0111\u1ea7u, c\u1eaft t\u00f3c, \u0111\u1ea5m b\u00f3p, th\u01b0 gi\u00e3n v\u00e0 l\u00e0m \u0111\u1eb9p&#8230;<br \/>&#8211; C\u00e1c bu\u1ed5i n\u00f3i chuy\u1ec7n chuy\u00ean \u0111\u1ec1 li\u00ean quan \u0111\u1ebfn s\u1ee9c kh\u1ecfe v\u00e0 ph\u00fac l\u1ee3i x\u00e3 h\u1ed9i.<\/p><p><em><span style=\"text-decoration: underline;\">\u0110\u1eb7c bi\u1ec7t:<\/span><\/em> \u0110\u01b0\u1ee3c ph\u1ee5c v\u1ee5 tr\u00e0, caf\u00e9, \u0103n s\u00e1ng v\u00e0 \u0103n tr\u01b0a m\u1ed7i ng\u00e0y. <\/p>\t\t\t\t\t\t<\/div>\n\t\t\t\t<\/div>\n\t\t\t\t<div class=\"elementor-element elementor-element-996127d elementor-widget elementor-widget-heading\" data-id=\"996127d\" data-element_type=\"widget\" data-widget_type=\"heading.default\">\n\t\t\t\t<div class=\"elementor-widget-container\">\n\t\t\t<h2 class=\"elementor-heading-title elementor-size-default\">\u0110i\u1ec1u ki\u1ec7n \u0111\u1ec3 tr\u1edf th\u00e0nh H\u1ed9i Vi\u00ean?<\/h2>\t\t<\/div>\n\t\t\t\t<\/div>\n\t\t\t\t<div class=\"elementor-element elementor-element-15602b8 elementor-widget elementor-widget-text-editor\" data-id=\"15602b8\" data-element_type=\"widget\" data-widget_type=\"text-editor.default\">\n\t\t\t\t<div class=\"elementor-widget-container\">\n\t\t\t\t\t\t\t<ul>\n<li>Be a U.S. citizen or have had a GREEN CARD for 5 years or more.<\/li>\n<li>Be a retired individual aged 65 or older with a pension (SSA), or receive disability benefits (SSI), or government healthcare coverage (Medicaid).<\/li>\n<li>L\u00e0 ng\u01b0\u1eddi khuy\u1ebft t\u1eadt v\u1ec1 th\u1ec3 ch\u1ea5t t\u1eeb 18 tu\u1ed5i tr\u1edf l\u00ean.<\/li>\n<\/ul>\t\t\t\t\t\t<\/div>\n\t\t\t\t<\/div>\n\t\t\t\t\t<\/div>\n\t\t\t\t<\/div>\n\t\t<div class=\"elementor-element elementor-element-01a4ae9 e-flex e-con-boxed e-con e-child\" data-id=\"01a4ae9\" data-element_type=\"container\" data-settings=\"{&quot;container_type&quot;:&quot;flex&quot;,&quot;content_width&quot;:&quot;boxed&quot;}\">\n\t\t\t\t\t<div class=\"e-con-inner\">\n\t\t\t\t<div class=\"elementor-element elementor-element-252444c elementor-widget elementor-widget-text-editor\" data-id=\"252444c\" data-element_type=\"widget\" data-widget_type=\"text-editor.default\">\n\t\t\t\t<div class=\"elementor-widget-container\">\n\t\t\t\t\t\t\t<p><b>FIRST SENIOR CENTER<\/b><\/p><p><b>5555 Oakbrook Pkwy, Bldg. 500, Ste. 500<\/b><\/p><p><b>Norcross, GA 30093<\/b><\/p><p><b>https:\/\/www.facebook.com\/ADHFirstSeniorCenter\/<\/b><\/p>\t\t\t\t\t\t<\/div>\n\t\t\t\t<\/div>\n\t\t\t\t<div class=\"elementor-element elementor-element-578d24e elementor-widget elementor-widget-image\" data-id=\"578d24e\" data-element_type=\"widget\" data-widget_type=\"image.default\">\n\t\t\t\t<div class=\"elementor-widget-container\">\n\t\t\t\t\t\t\t\t\t\t\t\t\t\t\t<img decoding=\"async\" width=\"193\" height=\"190\" src=\"https:\/\/firstseniorcenter.com\/wp-content\/uploads\/2023\/10\/2023-10-26_155617.png\" class=\"attachment-large size-large wp-image-795\" alt=\"\" \/>\t\t\t\t\t\t\t\t\t\t\t\t\t\t\t<\/div>\n\t\t\t\t<\/div>\n\t\t\t\t\t<\/div>\n\t\t\t\t<\/div>\n\t\t\t\t\t<\/div>\n\t\t\t\t<\/div>\n\t\t\t\t\t\t\t<\/div>","protected":false},"excerpt":{"rendered":"<p>Ch\u01b0\u01a1ng tr\u00ecnh Ch\u0103m S\u00f3c S\u1ee9c Kh\u1ecfe Cao Ni\u00ean T\u1ea1i Trung T\u00e2m V\u00ec Sao Qu\u00fd Cao Ni\u00ean n\u00ean tr\u1edf th\u00e0nh H\u1ed9i Vi\u00ean c\u1ee7a Trung T\u00e2m? First Senior Center l\u00e0 m\u1ed9t trung t\u00e2m CH\u0102M S\u00d3C S\u1ee8C KH\u1eceE BAN NG\u00c0Y (DAYCARE) cho Qu\u00fd Cao Ni\u00ean. T\u1ea1i \u0111\u00e2y, ch\u00fang t\u00f4i c\u00f3 c\u00e1c ho\u1ea1t \u0111\u1ed9ng \u0111\u1ec3 gi\u00fap H\u1ed9i vi\u00ean n\u00e2ng [&hellip;]<\/p>","protected":false},"author":1,"featured_media":0,"parent":0,"menu_order":0,"comment_status":"closed","ping_status":"closed","template":"","meta":{"_eb_attr":"","footnotes":""},"_links":{"self":[{"href":"http:\/\/firstseniorcenter.com\/en\/wp-json\/wp\/v2\/pages\/845"}],"collection":[{"href":"http:\/\/firstseniorcenter.com\/en\/wp-json\/wp\/v2\/pages"}],"about":[{"href":"http:\/\/firstseniorcenter.com\/en\/wp-json\/wp\/v2\/types\/page"}],"author":[{"embeddable":true,"href":"http:\/\/firstseniorcenter.com\/en\/wp-json\/wp\/v2\/users\/1"}],"replies":[{"embeddable":true,"href":"http:\/\/firstseniorcenter.com\/en\/wp-json\/wp\/v2\/comments?post=845"}],"version-history":[{"count":5,"href":"http:\/\/firstseniorcenter.com\/en\/wp-json\/wp\/v2\/pages\/845\/revisions"}],"predecessor-version":[{"id":996,"href":"http:\/\/firstseniorcenter.com\/en\/wp-json\/wp\/v2\/pages\/845\/revisions\/996"}],"wp:attachment":[{"href":"http:\/\/firstseniorcenter.com\/en\/wp-json\/wp\/v2\/media?parent=845"}],"curies":[{"name":"wp","href":"https:\/\/api.w.org\/{rel}","templated":true}]}}