{"id":921,"date":"2023-10-27T06:54:01","date_gmt":"2023-10-27T06:54:01","guid":{"rendered":"https:\/\/firstseniorcenter.com\/?page_id=921"},"modified":"2023-10-27T11:47:17","modified_gmt":"2023-10-27T11:47:17","slug":"dich-vu-sua-chua-nha-o-moi-truong-song-an-toan","status":"publish","type":"page","link":"http:\/\/firstseniorcenter.com\/en\/dich-vu-sua-chua-nha-o-moi-truong-song-an-toan\/","title":{"rendered":"D\u1ecbch v\u1ee5 S\u1eecA CH\u1eeeA NH\u00c0 \u1ede &#038; M\u00d4I TR\u01af\u1edcNG S\u1ed0NG AN TO\u00c0N"},"content":{"rendered":"<div data-elementor-type=\"wp-page\" data-elementor-id=\"921\" class=\"elementor elementor-921\" data-elementor-post-type=\"page\">\n\t\t\t\t\t\t\t<div class=\"elementor-element elementor-element-ba900fd e-flex e-con-boxed e-con e-parent\" data-id=\"ba900fd\" data-element_type=\"container\" data-settings=\"{&quot;container_type&quot;:&quot;flex&quot;,&quot;content_width&quot;:&quot;boxed&quot;}\" data-core-v316-plus=\"true\">\n\t\t\t\t\t<div class=\"e-con-inner\">\n\t\t<div class=\"elementor-element elementor-element-bcf4d9a e-flex e-con-boxed e-con e-child\" data-id=\"bcf4d9a\" data-element_type=\"container\" data-settings=\"{&quot;container_type&quot;:&quot;flex&quot;,&quot;content_width&quot;:&quot;boxed&quot;}\">\n\t\t\t\t\t<div class=\"e-con-inner\">\n\t\t<div class=\"elementor-element elementor-element-9a9835e e-con-full e-flex e-con e-child\" data-id=\"9a9835e\" data-element_type=\"container\" data-settings=\"{&quot;content_width&quot;:&quot;full&quot;,&quot;background_background&quot;:&quot;classic&quot;,&quot;container_type&quot;:&quot;flex&quot;}\">\n\t\t\t\t<div class=\"elementor-element elementor-element-408c54c elementor-widget elementor-widget-image\" data-id=\"408c54c\" data-element_type=\"widget\" data-widget_type=\"image.default\">\n\t\t\t\t<div class=\"elementor-widget-container\">\n\t\t\t<style>\/*! elementor - v3.18.0 - 08-12-2023 *\/\n.elementor-widget-image{text-align:center}.elementor-widget-image a{display:inline-block}.elementor-widget-image a img[src$=\".svg\"]{width:48px}.elementor-widget-image img{vertical-align:middle;display:inline-block}<\/style>\t\t\t\t\t\t\t\t\t\t\t\t<img decoding=\"async\" width=\"233\" height=\"169\" src=\"https:\/\/firstseniorcenter.com\/wp-content\/uploads\/2023\/10\/2023-10-27_133820.png\" class=\"attachment-full size-full wp-image-892\" alt=\"\" \/>\t\t\t\t\t\t\t\t\t\t\t\t\t\t\t<\/div>\n\t\t\t\t<\/div>\n\t\t\t\t<\/div>\n\t\t<div class=\"elementor-element elementor-element-d8fe184 e-con-full e-flex e-con e-child\" data-id=\"d8fe184\" data-element_type=\"container\" data-settings=\"{&quot;content_width&quot;:&quot;full&quot;,&quot;container_type&quot;:&quot;flex&quot;}\">\n\t\t\t\t<div class=\"elementor-element elementor-element-9fca806 elementor-widget elementor-widget-heading\" data-id=\"9fca806\" data-element_type=\"widget\" data-widget_type=\"heading.default\">\n\t\t\t\t<div class=\"elementor-widget-container\">\n\t\t\t<style>\/*! elementor - v3.18.0 - 08-12-2023 *\/\n.elementor-heading-title{padding:0;margin:0;line-height:1}.elementor-widget-heading .elementor-heading-title[class*=elementor-size-]>a{color:inherit;font-size:inherit;line-height:inherit}.elementor-widget-heading .elementor-heading-title.elementor-size-small{font-size:15px}.elementor-widget-heading .elementor-heading-title.elementor-size-medium{font-size:19px}.elementor-widget-heading .elementor-heading-title.elementor-size-large{font-size:29px}.elementor-widget-heading .elementor-heading-title.elementor-size-xl{font-size:39px}.elementor-widget-heading .elementor-heading-title.elementor-size-xxl{font-size:59px}<\/style><h2 class=\"elementor-heading-title elementor-size-default\">D\u1ecbch V\u1ee5<\/h2>\t\t<\/div>\n\t\t\t\t<\/div>\n\t\t\t\t<div class=\"elementor-element elementor-element-d5a8432 elementor-widget elementor-widget-heading\" data-id=\"d5a8432\" data-element_type=\"widget\" data-widget_type=\"heading.default\">\n\t\t\t\t<div class=\"elementor-widget-container\">\n\t\t\t<h1 class=\"elementor-heading-title elementor-size-default\">S\u1eecA CH\u1eeeA NH\u00c0 \u1ede & M\u00d4I TR\u01af\u1edcNG S\u1ed0NG AN TO\u00c0N<\/h1>\t\t<\/div>\n\t\t\t\t<\/div>\n\t\t\t\t<\/div>\n\t\t\t\t\t<\/div>\n\t\t\t\t<\/div>\n\t\t<div class=\"elementor-element elementor-element-4125eab e-flex e-con-boxed e-con e-child\" data-id=\"4125eab\" data-element_type=\"container\" data-settings=\"{&quot;container_type&quot;:&quot;flex&quot;,&quot;content_width&quot;:&quot;boxed&quot;}\">\n\t\t\t\t\t<div class=\"e-con-inner\">\n\t\t\t\t<div class=\"elementor-element elementor-element-3835c51 elementor-widget elementor-widget-text-editor\" data-id=\"3835c51\" data-element_type=\"widget\" data-widget_type=\"text-editor.default\">\n\t\t\t\t<div class=\"elementor-widget-container\">\n\t\t\t<style>\/*! elementor - v3.18.0 - 08-12-2023 *\/\n.elementor-widget-text-editor.elementor-drop-cap-view-stacked .elementor-drop-cap{background-color:#69727d;color:#fff}.elementor-widget-text-editor.elementor-drop-cap-view-framed .elementor-drop-cap{color:#69727d;border:3px solid;background-color:transparent}.elementor-widget-text-editor:not(.elementor-drop-cap-view-default) .elementor-drop-cap{margin-top:8px}.elementor-widget-text-editor:not(.elementor-drop-cap-view-default) .elementor-drop-cap-letter{width:1em;height:1em}.elementor-widget-text-editor .elementor-drop-cap{float:left;text-align:center;line-height:1;font-size:50px}.elementor-widget-text-editor .elementor-drop-cap-letter{display:inline-block}<\/style>\t\t\t\t<p><span style=\"font-weight: 400;\">\u0110\u00e2y l\u00e0 hai ch\u01b0\u01a1ng tr\u00ecnh c\u1ee7a Qu\u1eadn Gwinnett \u0111\u01b0a ra nh\u1eb1m gi\u00fap cho nh\u1eefng c\u01b0 d\u00e2n thu nh\u1eadp th\u1ea5p c\u1ee7a Qu\u1eadn, c\u00f3 \u0111\u01b0\u1ee3c m\u1ed9t cu\u1ed9c s\u1ed1ng an to\u00e0n v\u00e0 tho\u1ea3i m\u00e1i trong ch\u00ednh ng\u00f4i nh\u00e0 c\u1ee7a m\u00ecnh.\u00a0<\/span><\/p>\t\t\t\t\t\t<\/div>\n\t\t\t\t<\/div>\n\t\t\t\t<div class=\"elementor-element elementor-element-d885242 elementor-widget elementor-widget-heading\" data-id=\"d885242\" data-element_type=\"widget\" data-widget_type=\"heading.default\">\n\t\t\t\t<div class=\"elementor-widget-container\">\n\t\t\t<h2 class=\"elementor-heading-title elementor-size-default\">1. CH\u01af\u01a0NG TR\u00ccNH S\u1eecA CH\u1eeeA NH\u00c0 \u1ede<\/h2>\t\t<\/div>\n\t\t\t\t<\/div>\n\t\t\t\t<div class=\"elementor-element elementor-element-137dac9 elementor-widget elementor-widget-text-editor\" data-id=\"137dac9\" data-element_type=\"widget\" data-widget_type=\"text-editor.default\">\n\t\t\t\t<div class=\"elementor-widget-container\">\n\t\t\t\t\t\t\t<p><span style=\"font-weight: 400;\">Khi ng\u00f4i nh\u00e0 c\u1ee7a Qu\u00ed v\u1ecb b\u1ecb h\u01b0 h\u1ecfng v\u1ec1 kh\u00f3a c\u1eeda, th\u00e0nh v\u1ecbn, \u0111\u01b0\u1eddng \u0111i, lan can, nh\u00e0 v\u1ec7 sinh\u2026Qu\u00ed v\u1ecb c\u00f3 th\u1ec3 n\u1ed9p \u0111\u01a1n xin s\u1eeda ch\u1eefa, Qu\u1eadn s\u1ebd c\u00f3 chuy\u00ean vi\u00ean \u0111\u1ebfn nh\u00e0 \u0111\u1ec3 th\u1ea9m \u0111\u1ecbnh v\u00e0 l\u00ean k\u1ebf ho\u1ea1ch gi\u00fap s\u1eeda ch\u1eefa n\u1ebfu h\u1ed9i \u0111\u1ee7 \u0111i\u1ec1u ki\u1ec7n.<\/span><\/p>\t\t\t\t\t\t<\/div>\n\t\t\t\t<\/div>\n\t\t\t\t<div class=\"elementor-element elementor-element-7ce5cc8 elementor-widget elementor-widget-heading\" data-id=\"7ce5cc8\" data-element_type=\"widget\" data-widget_type=\"heading.default\">\n\t\t\t\t<div class=\"elementor-widget-container\">\n\t\t\t<h2 class=\"elementor-heading-title elementor-size-default\">\u0110i\u1ec1u ki\u1ec7n l\u00e0 g\u00ec?<\/h2>\t\t<\/div>\n\t\t\t\t<\/div>\n\t\t\t\t<div class=\"elementor-element elementor-element-885de6a elementor-widget elementor-widget-text-editor\" data-id=\"885de6a\" data-element_type=\"widget\" data-widget_type=\"text-editor.default\">\n\t\t\t\t<div class=\"elementor-widget-container\">\n\t\t\t\t\t\t\t<ul><li>C\u01b0 d\u00e2n t\u1eeb 62 tu\u1ed5i tr\u1edf l\u00ean c\u1ee7a qu\u1eadn Gwinnett (ch\u1ee7 nh\u00e0).<\/li><li>C\u00f3 thu nh\u1eadp b\u00ecnh qu\u00e2n \u0111\u1ea7u ng\u01b0\u1eddi trong m\u1ee9c quy \u0111\u1ecbnh c\u1ee7a qu\u1eadn.<\/li><\/ul>\t\t\t\t\t\t<\/div>\n\t\t\t\t<\/div>\n\t\t\t\t<div class=\"elementor-element elementor-element-e72f125 elementor-widget elementor-widget-heading\" data-id=\"e72f125\" data-element_type=\"widget\" data-widget_type=\"heading.default\">\n\t\t\t\t<div class=\"elementor-widget-container\">\n\t\t\t<h2 class=\"elementor-heading-title elementor-size-default\">2. CH\u01af\u01a0NG TR\u00ccNH M\u00d4I TR\u01af\u1edcNG S\u1ed0NG AN TO\u00c0N<\/h2>\t\t<\/div>\n\t\t\t\t<\/div>\n\t\t\t\t<div class=\"elementor-element elementor-element-6d2431f elementor-widget elementor-widget-text-editor\" data-id=\"6d2431f\" data-element_type=\"widget\" data-widget_type=\"text-editor.default\">\n\t\t\t\t<div class=\"elementor-widget-container\">\n\t\t\t\t\t\t\t<p><span style=\"font-weight: 400;\">Khi ng\u00f4i nh\u00e0 c\u1ee7a Qu\u00ed v\u1ecb b\u1ecb r\u00f2 r\u1ec9 \u0111i\u1ec7n, n\u1ea5m m\u1ed1c, kh\u00ed \u0111\u1ed9c hay c\u00e1c h\u01b0 h\u1ecfng kh\u00e1c do th\u1eddi ti\u1ebft g\u00e2y ra, Qu\u00ed v\u1ecb c\u0169ng c\u00f3 th\u1ec3 n\u1ed9p \u0111\u01a1n xin Qu\u1eadn ki\u1ec3m tra, xem x\u00e9t v\u00e0 s\u1eeda ch\u1eefa n\u1ebfu h\u1ed9i \u0111\u1ee7 \u0111i\u1ec1u ki\u1ec7n.<\/span><\/p>\t\t\t\t\t\t<\/div>\n\t\t\t\t<\/div>\n\t\t\t\t<div class=\"elementor-element elementor-element-35ea659 elementor-widget elementor-widget-heading\" data-id=\"35ea659\" data-element_type=\"widget\" data-widget_type=\"heading.default\">\n\t\t\t\t<div class=\"elementor-widget-container\">\n\t\t\t<h2 class=\"elementor-heading-title elementor-size-default\">\u0110i\u1ec1u ki\u1ec7n l\u00e0 g\u00ec?<\/h2>\t\t<\/div>\n\t\t\t\t<\/div>\n\t\t\t\t<div class=\"elementor-element elementor-element-60f146e elementor-widget elementor-widget-text-editor\" data-id=\"60f146e\" data-element_type=\"widget\" data-widget_type=\"text-editor.default\">\n\t\t\t\t<div class=\"elementor-widget-container\">\n\t\t\t\t\t\t\t<ul>\n \t<li>C\u01b0 d\u00e2n c\u1ee7a qu\u1eadn Gwinnett (ch\u1ee7 nh\u00e0 hay ng\u01b0\u1eddi thu\u00ea nh\u00e0).<\/li>\n \t<li>C\u00f3 thu nh\u1eadp b\u00ecnh qu\u00e2n \u0111\u1ea7u ng\u01b0\u1eddi trong m\u1ee9c quy \u0111\u1ecbnh c\u1ee7a qu\u1eadn.<\/li>\n<\/ul>\t\t\t\t\t\t<\/div>\n\t\t\t\t<\/div>\n\t\t\t\t<div class=\"elementor-element elementor-element-c36e757 elementor-widget elementor-widget-text-editor\" data-id=\"c36e757\" data-element_type=\"widget\" data-widget_type=\"text-editor.default\">\n\t\t\t\t<div class=\"elementor-widget-container\">\n\t\t\t\t\t\t\t<p><b>Hai ch\u01b0\u01a1ng tr\u00ecnh n\u00e0y \u0111\u00e3 \u0111\u01b0\u1ee3c gi\u1edbi thi\u1ec7u \u0111\u1ebfn Trung T\u00e2m. Xin Qu\u00ed v\u1ecb \u0111\u1ebfn\u00a0<\/b><\/p><p><b>v\u1edbi ch\u00fang t\u00f4i \u0111\u1ec3 \u0111\u01b0\u1ee3c gi\u00fap \u0111i\u1ec1n \u0111\u01a1n v\u00e0 ho\u00e0n th\u00e0nh c\u00e1c th\u1ee7 t\u1ee5c c\u1ea7n thi\u1ebft.<\/b><\/p>\t\t\t\t\t\t<\/div>\n\t\t\t\t<\/div>\n\t\t\t\t<div class=\"elementor-element elementor-element-483504b elementor-widget elementor-widget-heading\" data-id=\"483504b\" data-element_type=\"widget\" data-widget_type=\"heading.default\">\n\t\t\t\t<div class=\"elementor-widget-container\">\n\t\t\t<h2 class=\"elementor-heading-title elementor-size-default\">T\u1ea4T C\u1ea2 \u0110\u1ec0U MI\u1ec4N PH\u00cd!<\/h2>\t\t<\/div>\n\t\t\t\t<\/div>\n\t\t\t\t<div class=\"elementor-element elementor-element-b364b67 elementor-widget elementor-widget-text-editor\" data-id=\"b364b67\" data-element_type=\"widget\" data-widget_type=\"text-editor.default\">\n\t\t\t\t<div class=\"elementor-widget-container\">\n\t\t\t\t\t\t\t<p><b>CH\u00daNG T\u00d4I LU\u00d4N S\u1eb4N S\u00c0NG PH\u1ee4C V\u1ee4, H\u00c3Y G\u1eccI NGAY H\u00d4M NAY!<\/b><\/p><p><b>(470) 289-2222<\/b> <span style=\"font-weight: 400;\">ho\u1eb7c<\/span> <b>(470) 889-4456<\/b><\/p>\t\t\t\t\t\t<\/div>\n\t\t\t\t<\/div>\n\t\t\t\t\t<\/div>\n\t\t\t\t<\/div>\n\t\t<div class=\"elementor-element elementor-element-01a4ae9 e-flex e-con-boxed e-con e-child\" data-id=\"01a4ae9\" data-element_type=\"container\" data-settings=\"{&quot;container_type&quot;:&quot;flex&quot;,&quot;content_width&quot;:&quot;boxed&quot;}\">\n\t\t\t\t\t<div class=\"e-con-inner\">\n\t\t\t\t<div class=\"elementor-element elementor-element-252444c elementor-widget elementor-widget-text-editor\" data-id=\"252444c\" data-element_type=\"widget\" data-widget_type=\"text-editor.default\">\n\t\t\t\t<div class=\"elementor-widget-container\">\n\t\t\t\t\t\t\t<p><b>FIRST SENIOR CENTER<\/b><\/p><p><b>5555 Oakbrook Pkwy, Bldg. 500, Ste. 500<\/b><\/p><p><b>Norcross, GA 30093<\/b><\/p><p><b>https:\/\/www.facebook.com\/ADHFirstSeniorCenter\/<\/b><\/p>\t\t\t\t\t\t<\/div>\n\t\t\t\t<\/div>\n\t\t\t\t<div class=\"elementor-element elementor-element-578d24e elementor-widget elementor-widget-image\" data-id=\"578d24e\" data-element_type=\"widget\" data-widget_type=\"image.default\">\n\t\t\t\t<div class=\"elementor-widget-container\">\n\t\t\t\t\t\t\t\t\t\t\t\t\t\t\t<img decoding=\"async\" width=\"193\" height=\"190\" src=\"https:\/\/firstseniorcenter.com\/wp-content\/uploads\/2023\/10\/2023-10-26_155617.png\" class=\"attachment-large size-large wp-image-795\" alt=\"\" \/>\t\t\t\t\t\t\t\t\t\t\t\t\t\t\t<\/div>\n\t\t\t\t<\/div>\n\t\t\t\t\t<\/div>\n\t\t\t\t<\/div>\n\t\t\t\t\t<\/div>\n\t\t\t\t<\/div>\n\t\t\t\t\t\t\t<\/div>","protected":false},"excerpt":{"rendered":"<p>D\u1ecbch V\u1ee5 S\u1eecA CH\u1eeeA NH\u00c0 \u1ede &#038; M\u00d4I TR\u01af\u1edcNG S\u1ed0NG AN TO\u00c0N \u0110\u00e2y l\u00e0 hai ch\u01b0\u01a1ng tr\u00ecnh c\u1ee7a Qu\u1eadn Gwinnett \u0111\u01b0a ra nh\u1eb1m gi\u00fap cho nh\u1eefng c\u01b0 d\u00e2n thu nh\u1eadp th\u1ea5p c\u1ee7a Qu\u1eadn, c\u00f3 \u0111\u01b0\u1ee3c m\u1ed9t cu\u1ed9c s\u1ed1ng an to\u00e0n v\u00e0 tho\u1ea3i m\u00e1i trong ch\u00ednh ng\u00f4i nh\u00e0 c\u1ee7a m\u00ecnh.\u00a0 1. CH\u01af\u01a0NG TR\u00ccNH S\u1eecA CH\u1eeeA NH\u00c0 [&hellip;]<\/p>","protected":false},"author":1,"featured_media":0,"parent":0,"menu_order":0,"comment_status":"closed","ping_status":"closed","template":"","meta":{"_eb_attr":"","footnotes":""},"_links":{"self":[{"href":"http:\/\/firstseniorcenter.com\/en\/wp-json\/wp\/v2\/pages\/921"}],"collection":[{"href":"http:\/\/firstseniorcenter.com\/en\/wp-json\/wp\/v2\/pages"}],"about":[{"href":"http:\/\/firstseniorcenter.com\/en\/wp-json\/wp\/v2\/types\/page"}],"author":[{"embeddable":true,"href":"http:\/\/firstseniorcenter.com\/en\/wp-json\/wp\/v2\/users\/1"}],"replies":[{"embeddable":true,"href":"http:\/\/firstseniorcenter.com\/en\/wp-json\/wp\/v2\/comments?post=921"}],"version-history":[{"count":5,"href":"http:\/\/firstseniorcenter.com\/en\/wp-json\/wp\/v2\/pages\/921\/revisions"}],"predecessor-version":[{"id":1014,"href":"http:\/\/firstseniorcenter.com\/en\/wp-json\/wp\/v2\/pages\/921\/revisions\/1014"}],"wp:attachment":[{"href":"http:\/\/firstseniorcenter.com\/en\/wp-json\/wp\/v2\/media?parent=921"}],"curies":[{"name":"wp","href":"https:\/\/api.w.org\/{rel}","templated":true}]}}