{"id":853,"date":"2023-10-27T04:35:47","date_gmt":"2023-10-27T04:35:47","guid":{"rendered":"https:\/\/firstseniorcenter.com\/?page_id=853"},"modified":"2023-10-27T11:43:31","modified_gmt":"2023-10-27T11:43:31","slug":"dich-vu-an-sinh-phuc-loi-xa-hoi","status":"publish","type":"page","link":"https:\/\/firstseniorcenter.com\/en\/dich-vu-an-sinh-phuc-loi-xa-hoi\/","title":{"rendered":"D\u1ecbch v\u1ee5 AN SINH &#038; PH\u00daC L\u1ee2I X\u00c3 H\u1ed8I"},"content":{"rendered":"<div data-elementor-type=\"wp-page\" data-elementor-id=\"853\" class=\"elementor elementor-853\" data-elementor-post-type=\"page\">\n\t\t\t\t\t\t\t<div class=\"elementor-element elementor-element-ba900fd e-flex e-con-boxed e-con e-parent\" data-id=\"ba900fd\" data-element_type=\"container\" data-settings=\"{&quot;container_type&quot;:&quot;flex&quot;,&quot;content_width&quot;:&quot;boxed&quot;}\" data-core-v316-plus=\"true\">\n\t\t\t\t\t<div class=\"e-con-inner\">\n\t\t<div class=\"elementor-element elementor-element-bcf4d9a e-flex e-con-boxed e-con e-child\" data-id=\"bcf4d9a\" data-element_type=\"container\" data-settings=\"{&quot;container_type&quot;:&quot;flex&quot;,&quot;content_width&quot;:&quot;boxed&quot;}\">\n\t\t\t\t\t<div class=\"e-con-inner\">\n\t\t<div class=\"elementor-element elementor-element-9a9835e e-con-full e-flex e-con e-child\" data-id=\"9a9835e\" data-element_type=\"container\" data-settings=\"{&quot;content_width&quot;:&quot;full&quot;,&quot;background_background&quot;:&quot;classic&quot;,&quot;container_type&quot;:&quot;flex&quot;}\">\n\t\t\t\t<div class=\"elementor-element elementor-element-408c54c elementor-widget elementor-widget-image\" data-id=\"408c54c\" data-element_type=\"widget\" data-widget_type=\"image.default\">\n\t\t\t\t<div class=\"elementor-widget-container\">\n\t\t\t<style>\/*! elementor - v3.18.0 - 08-12-2023 *\/\n.elementor-widget-image{text-align:center}.elementor-widget-image a{display:inline-block}.elementor-widget-image a img[src$=\".svg\"]{width:48px}.elementor-widget-image img{vertical-align:middle;display:inline-block}<\/style>\t\t\t\t\t\t\t\t\t\t\t\t<img decoding=\"async\" width=\"233\" height=\"169\" src=\"https:\/\/firstseniorcenter.com\/wp-content\/uploads\/2023\/10\/2023-10-27_133820.png\" class=\"attachment-full size-full wp-image-892\" alt=\"\" \/>\t\t\t\t\t\t\t\t\t\t\t\t\t\t\t<\/div>\n\t\t\t\t<\/div>\n\t\t\t\t<\/div>\n\t\t<div class=\"elementor-element elementor-element-d8fe184 e-con-full e-flex e-con e-child\" data-id=\"d8fe184\" data-element_type=\"container\" data-settings=\"{&quot;content_width&quot;:&quot;full&quot;,&quot;container_type&quot;:&quot;flex&quot;}\">\n\t\t\t\t<div class=\"elementor-element elementor-element-9fca806 elementor-widget elementor-widget-heading\" data-id=\"9fca806\" data-element_type=\"widget\" data-widget_type=\"heading.default\">\n\t\t\t\t<div class=\"elementor-widget-container\">\n\t\t\t<style>\/*! elementor - v3.18.0 - 08-12-2023 *\/\n.elementor-heading-title{padding:0;margin:0;line-height:1}.elementor-widget-heading .elementor-heading-title[class*=elementor-size-]>a{color:inherit;font-size:inherit;line-height:inherit}.elementor-widget-heading .elementor-heading-title.elementor-size-small{font-size:15px}.elementor-widget-heading .elementor-heading-title.elementor-size-medium{font-size:19px}.elementor-widget-heading .elementor-heading-title.elementor-size-large{font-size:29px}.elementor-widget-heading .elementor-heading-title.elementor-size-xl{font-size:39px}.elementor-widget-heading .elementor-heading-title.elementor-size-xxl{font-size:59px}<\/style><h2 class=\"elementor-heading-title elementor-size-default\">D\u1ecbch V\u1ee5<\/h2>\t\t<\/div>\n\t\t\t\t<\/div>\n\t\t\t\t<div class=\"elementor-element elementor-element-d5a8432 elementor-widget elementor-widget-heading\" data-id=\"d5a8432\" data-element_type=\"widget\" data-widget_type=\"heading.default\">\n\t\t\t\t<div class=\"elementor-widget-container\">\n\t\t\t<h1 class=\"elementor-heading-title elementor-size-default\">AN SINH & PH\u00daC L\u1ee2I X\u00c3 H\u1ed8I<\/h1>\t\t<\/div>\n\t\t\t\t<\/div>\n\t\t\t\t<\/div>\n\t\t\t\t\t<\/div>\n\t\t\t\t<\/div>\n\t\t<div class=\"elementor-element elementor-element-4125eab e-flex e-con-boxed e-con e-child\" data-id=\"4125eab\" data-element_type=\"container\" data-settings=\"{&quot;container_type&quot;:&quot;flex&quot;,&quot;content_width&quot;:&quot;boxed&quot;}\">\n\t\t\t\t\t<div class=\"e-con-inner\">\n\t\t\t\t<div class=\"elementor-element elementor-element-45bdf99 elementor-widget elementor-widget-heading\" data-id=\"45bdf99\" data-element_type=\"widget\" data-widget_type=\"heading.default\">\n\t\t\t\t<div class=\"elementor-widget-container\">\n\t\t\t<h2 class=\"elementor-heading-title elementor-size-default\">Qu\u00fd B\u00e1c \u0111\u00e3 bi\u1ebft c\u00e1ch xin c\u00e1c ch\u01b0\u01a1ng tr\u00ecnh<\/h2>\t\t<\/div>\n\t\t\t\t<\/div>\n\t\t\t\t<div class=\"elementor-element elementor-element-a4ca8af elementor-widget elementor-widget-heading\" data-id=\"a4ca8af\" data-element_type=\"widget\" data-widget_type=\"heading.default\">\n\t\t\t\t<div class=\"elementor-widget-container\">\n\t\t\t<h2 class=\"elementor-heading-title elementor-size-default\">AN SINH & PH\u00daC L\u1ee2I X\u00c3 H\u1ed8I d\u00e0nh cho ng\u01b0\u1eddi cao tu\u1ed5i t\u1eeb TI\u1ec2U BANG & LI\u00caN BANG CH\u01afA?\n<\/h2>\t\t<\/div>\n\t\t\t\t<\/div>\n\t\t\t\t<div class=\"elementor-element elementor-element-3835c51 elementor-widget elementor-widget-text-editor\" data-id=\"3835c51\" data-element_type=\"widget\" data-widget_type=\"text-editor.default\">\n\t\t\t\t<div class=\"elementor-widget-container\">\n\t\t\t<style>\/*! elementor - v3.18.0 - 08-12-2023 *\/\n.elementor-widget-text-editor.elementor-drop-cap-view-stacked .elementor-drop-cap{background-color:#69727d;color:#fff}.elementor-widget-text-editor.elementor-drop-cap-view-framed .elementor-drop-cap{color:#69727d;border:3px solid;background-color:transparent}.elementor-widget-text-editor:not(.elementor-drop-cap-view-default) .elementor-drop-cap{margin-top:8px}.elementor-widget-text-editor:not(.elementor-drop-cap-view-default) .elementor-drop-cap-letter{width:1em;height:1em}.elementor-widget-text-editor .elementor-drop-cap{float:left;text-align:center;line-height:1;font-size:50px}.elementor-widget-text-editor .elementor-drop-cap-letter{display:inline-block}<\/style>\t\t\t\t<p><b>T\u1ea1i First Senior Center, ch\u00fang t\u00f4i c\u00f3 ph\u00f2ng An Sinh X\u00e3 H\u1ed9i v\u1edbi \u0111\u1ed9i ng\u0169 nh\u00e2n vi\u00ean nhi\u1ec1u n\u0103m kinh nghi\u1ec7m lu\u00f4n s\u1eb5n s\u00e0ng h\u01b0\u1edbng d\u1eabn, gi\u00fap \u0111\u1ee1 Qu\u00fd v\u1ecb t\u00e1t c\u1ea3 c\u00e1c th\u1ee7 t\u1ee5c v\u00e0 h\u1ed3 s\u01a1 \u0111\u1ec3 xin:<\/b><\/p>\t\t\t\t\t\t<\/div>\n\t\t\t\t<\/div>\n\t\t\t\t<div class=\"elementor-element elementor-element-885de6a elementor-widget elementor-widget-text-editor\" data-id=\"885de6a\" data-element_type=\"widget\" data-widget_type=\"text-editor.default\">\n\t\t\t\t<div class=\"elementor-widget-container\">\n\t\t\t\t\t\t\t<ol><li>Ti\u1ec1n gi\u00e0 (SSI)<\/li><li>B\u1ea3o hi\u1ec3m s\u1ee9c kh\u1ecfe c\u1ee7a ch\u00ednh ph\u1ee7 (Medicaid)<\/li><li>V\u00e0o ch\u01b0\u01a1ng tr\u00ecnh Daycare v\u00e0 Homecare<\/li><li>Gi\u1ea3m ti\u1ec1n \u0111i\u1ec7n, n\u01b0\u1edbc, gas<\/li><li>\u0110i\u1ec7n tho\u1ea1i &amp; m\u00e1y t\u00ednh b\u1ea3ng<\/li><li>Nh\u00e0 \u1edf cho Cao Ni\u00ean<\/li><li>D\u1ecbch v\u1ee5 ki\u1ec3m tra nh\u00e0 \u1edf, m\u00f4i tr\u01b0\u1eddng, m\u00f4i sinh nh\u00e0 \u1edf<\/li><li>D\u1ecbch v\u1ee5 s\u1eeda ch\u1eefa nh\u00e0 \u1edf<\/li><li>Ti\u1ec1n tr\u1ee3 c\u1ea5p kh\u1ea9n c\u1ea5p<\/li><li>Funeral service<\/li><\/ol><p>Ngo\u00e0i ra, ch\u00fang t\u00f4i c\u00f2n gi\u00fap \u0111\u1ee1 v\u1ec1 d\u1ecbch thu\u1eadt, th\u00f4ng d\u1ecbch, \u0111\u1ecdc th\u01b0 t\u1eeb v\u00e0 \u0111i\u1ec1n \u0111\u01a1n t\u1eeb ti\u1ebfng Anh sang ti\u1ebfng Vi\u1ec7t ho\u1eb7c t\u1eeb ti\u1ebfng Vi\u1ec7t sang ti\u1ebfng Anh.<\/p>\t\t\t\t\t\t<\/div>\n\t\t\t\t<\/div>\n\t\t\t\t<div class=\"elementor-element elementor-element-483504b elementor-widget elementor-widget-heading\" data-id=\"483504b\" data-element_type=\"widget\" data-widget_type=\"heading.default\">\n\t\t\t\t<div class=\"elementor-widget-container\">\n\t\t\t<h2 class=\"elementor-heading-title elementor-size-default\">T\u1ea4T C\u1ea2 \u0110\u1ec0U MI\u1ec4N PH\u00cd!<\/h2>\t\t<\/div>\n\t\t\t\t<\/div>\n\t\t\t\t<div class=\"elementor-element elementor-element-8fd5e8f elementor-widget elementor-widget-text-editor\" data-id=\"8fd5e8f\" data-element_type=\"widget\" data-widget_type=\"text-editor.default\">\n\t\t\t\t<div class=\"elementor-widget-container\">\n\t\t\t\t\t\t\t<p><b>CH\u00daNG T\u00d4I LU\u00d4N S\u1eb4N S\u00c0NG PH\u1ee4C V\u1ee4, H\u00c3Y G\u1eccI NGAY H\u00d4M NAY!<\/b><\/p><p><b>(470) 289-2222<\/b> <span style=\"font-weight: 400;\">ho\u1eb7c<\/span> <b>(470) 889-4456<\/b><\/p>\t\t\t\t\t\t<\/div>\n\t\t\t\t<\/div>\n\t\t\t\t\t<\/div>\n\t\t\t\t<\/div>\n\t\t<div class=\"elementor-element elementor-element-01a4ae9 e-flex e-con-boxed e-con e-child\" data-id=\"01a4ae9\" data-element_type=\"container\" data-settings=\"{&quot;container_type&quot;:&quot;flex&quot;,&quot;content_width&quot;:&quot;boxed&quot;}\">\n\t\t\t\t\t<div class=\"e-con-inner\">\n\t\t\t\t<div class=\"elementor-element elementor-element-252444c elementor-widget elementor-widget-text-editor\" data-id=\"252444c\" data-element_type=\"widget\" data-widget_type=\"text-editor.default\">\n\t\t\t\t<div class=\"elementor-widget-container\">\n\t\t\t\t\t\t\t<p><b>FIRST SENIOR CENTER<\/b><\/p><p><b>5555 Oakbrook Pkwy, Bldg. 500, Ste. 500<\/b><\/p><p><b>Norcross, GA 30093<\/b><\/p><p><b>https:\/\/www.facebook.com\/ADHFirstSeniorCenter\/<\/b><\/p>\t\t\t\t\t\t<\/div>\n\t\t\t\t<\/div>\n\t\t\t\t<div class=\"elementor-element elementor-element-578d24e elementor-widget elementor-widget-image\" data-id=\"578d24e\" data-element_type=\"widget\" data-widget_type=\"image.default\">\n\t\t\t\t<div class=\"elementor-widget-container\">\n\t\t\t\t\t\t\t\t\t\t\t\t\t\t\t<img decoding=\"async\" width=\"193\" height=\"190\" src=\"https:\/\/firstseniorcenter.com\/wp-content\/uploads\/2023\/10\/2023-10-26_155617.png\" class=\"attachment-large size-large wp-image-795\" alt=\"\" \/>\t\t\t\t\t\t\t\t\t\t\t\t\t\t\t<\/div>\n\t\t\t\t<\/div>\n\t\t\t\t\t<\/div>\n\t\t\t\t<\/div>\n\t\t\t\t\t<\/div>\n\t\t\t\t<\/div>\n\t\t\t\t\t\t\t<\/div>","protected":false},"excerpt":{"rendered":"<p>D\u1ecbch V\u1ee5 AN SINH &#038; PH\u00daC L\u1ee2I X\u00c3 H\u1ed8I Qu\u00fd B\u00e1c \u0111\u00e3 bi\u1ebft c\u00e1ch xin c\u00e1c ch\u01b0\u01a1ng tr\u00ecnh AN SINH &#038; PH\u00daC L\u1ee2I X\u00c3 H\u1ed8I d\u00e0nh cho ng\u01b0\u1eddi cao tu\u1ed5i t\u1eeb TI\u1ec2U BANG &#038; LI\u00caN BANG CH\u01afA? T\u1ea1i First Senior Center, ch\u00fang t\u00f4i c\u00f3 ph\u00f2ng An Sinh X\u00e3 H\u1ed9i v\u1edbi \u0111\u1ed9i ng\u0169 nh\u00e2n vi\u00ean nhi\u1ec1u [&hellip;]<\/p>","protected":false},"author":1,"featured_media":0,"parent":0,"menu_order":0,"comment_status":"closed","ping_status":"closed","template":"","meta":{"_eb_attr":"","footnotes":""},"_links":{"self":[{"href":"https:\/\/firstseniorcenter.com\/en\/wp-json\/wp\/v2\/pages\/853"}],"collection":[{"href":"https:\/\/firstseniorcenter.com\/en\/wp-json\/wp\/v2\/pages"}],"about":[{"href":"https:\/\/firstseniorcenter.com\/en\/wp-json\/wp\/v2\/types\/page"}],"author":[{"embeddable":true,"href":"https:\/\/firstseniorcenter.com\/en\/wp-json\/wp\/v2\/users\/1"}],"replies":[{"embeddable":true,"href":"https:\/\/firstseniorcenter.com\/en\/wp-json\/wp\/v2\/comments?post=853"}],"version-history":[{"count":5,"href":"https:\/\/firstseniorcenter.com\/en\/wp-json\/wp\/v2\/pages\/853\/revisions"}],"predecessor-version":[{"id":999,"href":"https:\/\/firstseniorcenter.com\/en\/wp-json\/wp\/v2\/pages\/853\/revisions\/999"}],"wp:attachment":[{"href":"https:\/\/firstseniorcenter.com\/en\/wp-json\/wp\/v2\/media?parent=853"}],"curies":[{"name":"wp","href":"https:\/\/api.w.org\/{rel}","templated":true}]}}