{"id":863,"date":"2023-10-27T04:44:20","date_gmt":"2023-10-27T04:44:20","guid":{"rendered":"https:\/\/firstseniorcenter.com\/?page_id=863"},"modified":"2023-10-27T11:44:06","modified_gmt":"2023-10-27T11:44:06","slug":"dich-vu-food-pantry","status":"publish","type":"page","link":"https:\/\/firstseniorcenter.com\/en\/dich-vu-food-pantry\/","title":{"rendered":"D\u1ecbch v\u1ee5 FOOD PANTRY"},"content":{"rendered":"<div data-elementor-type=\"wp-page\" data-elementor-id=\"863\" class=\"elementor elementor-863\" data-elementor-post-type=\"page\">\n\t\t\t\t\t\t\t<div class=\"elementor-element elementor-element-ba900fd e-flex e-con-boxed e-con e-parent\" data-id=\"ba900fd\" data-element_type=\"container\" data-settings=\"{&quot;container_type&quot;:&quot;flex&quot;,&quot;content_width&quot;:&quot;boxed&quot;}\" data-core-v316-plus=\"true\">\n\t\t\t\t\t<div class=\"e-con-inner\">\n\t\t<div class=\"elementor-element elementor-element-bcf4d9a e-flex e-con-boxed e-con e-child\" data-id=\"bcf4d9a\" data-element_type=\"container\" data-settings=\"{&quot;container_type&quot;:&quot;flex&quot;,&quot;content_width&quot;:&quot;boxed&quot;}\">\n\t\t\t\t\t<div class=\"e-con-inner\">\n\t\t<div class=\"elementor-element elementor-element-9a9835e e-con-full e-flex e-con e-child\" data-id=\"9a9835e\" data-element_type=\"container\" data-settings=\"{&quot;content_width&quot;:&quot;full&quot;,&quot;background_background&quot;:&quot;classic&quot;,&quot;container_type&quot;:&quot;flex&quot;}\">\n\t\t\t\t<div class=\"elementor-element elementor-element-408c54c elementor-widget elementor-widget-image\" data-id=\"408c54c\" data-element_type=\"widget\" data-widget_type=\"image.default\">\n\t\t\t\t<div class=\"elementor-widget-container\">\n\t\t\t<style>\/*! elementor - v3.18.0 - 08-12-2023 *\/\n.elementor-widget-image{text-align:center}.elementor-widget-image a{display:inline-block}.elementor-widget-image a img[src$=\".svg\"]{width:48px}.elementor-widget-image img{vertical-align:middle;display:inline-block}<\/style>\t\t\t\t\t\t\t\t\t\t\t\t<img decoding=\"async\" width=\"229\" height=\"161\" src=\"https:\/\/firstseniorcenter.com\/wp-content\/uploads\/2023\/10\/2023-10-27_134127.png\" class=\"attachment-full size-full wp-image-902\" alt=\"\" \/>\t\t\t\t\t\t\t\t\t\t\t\t\t\t\t<\/div>\n\t\t\t\t<\/div>\n\t\t\t\t<\/div>\n\t\t<div class=\"elementor-element elementor-element-d8fe184 e-con-full e-flex e-con e-child\" data-id=\"d8fe184\" data-element_type=\"container\" data-settings=\"{&quot;content_width&quot;:&quot;full&quot;,&quot;container_type&quot;:&quot;flex&quot;}\">\n\t\t\t\t<div class=\"elementor-element elementor-element-9fca806 elementor-widget elementor-widget-heading\" data-id=\"9fca806\" data-element_type=\"widget\" data-widget_type=\"heading.default\">\n\t\t\t\t<div class=\"elementor-widget-container\">\n\t\t\t<style>\/*! elementor - v3.18.0 - 08-12-2023 *\/\n.elementor-heading-title{padding:0;margin:0;line-height:1}.elementor-widget-heading .elementor-heading-title[class*=elementor-size-]>a{color:inherit;font-size:inherit;line-height:inherit}.elementor-widget-heading .elementor-heading-title.elementor-size-small{font-size:15px}.elementor-widget-heading .elementor-heading-title.elementor-size-medium{font-size:19px}.elementor-widget-heading .elementor-heading-title.elementor-size-large{font-size:29px}.elementor-widget-heading .elementor-heading-title.elementor-size-xl{font-size:39px}.elementor-widget-heading .elementor-heading-title.elementor-size-xxl{font-size:59px}<\/style><h2 class=\"elementor-heading-title elementor-size-default\">D\u1ecbch V\u1ee5<\/h2>\t\t<\/div>\n\t\t\t\t<\/div>\n\t\t\t\t<div class=\"elementor-element elementor-element-d5a8432 elementor-widget elementor-widget-heading\" data-id=\"d5a8432\" data-element_type=\"widget\" data-widget_type=\"heading.default\">\n\t\t\t\t<div class=\"elementor-widget-container\">\n\t\t\t<h1 class=\"elementor-heading-title elementor-size-default\">FOOD PANTRY<\/h1>\t\t<\/div>\n\t\t\t\t<\/div>\n\t\t\t\t<\/div>\n\t\t\t\t\t<\/div>\n\t\t\t\t<\/div>\n\t\t<div class=\"elementor-element elementor-element-4125eab e-flex e-con-boxed e-con e-child\" data-id=\"4125eab\" data-element_type=\"container\" data-settings=\"{&quot;container_type&quot;:&quot;flex&quot;,&quot;content_width&quot;:&quot;boxed&quot;}\">\n\t\t\t\t\t<div class=\"e-con-inner\">\n\t\t\t\t<div class=\"elementor-element elementor-element-a4ca8af elementor-widget elementor-widget-heading\" data-id=\"a4ca8af\" data-element_type=\"widget\" data-widget_type=\"heading.default\">\n\t\t\t\t<div class=\"elementor-widget-container\">\n\t\t\t<h2 class=\"elementor-heading-title elementor-size-default\">Ch\u00fang t\u00f4i l\u00e0 kho L\u01af\u01a0NG TH\u1ef0C L\u1edaN NH\u1ea4T cung c\u1ea5p  TH\u1ef0C PH\u1ea8M MI\u1ec4N PH\u00cd t\u1ea1i ti\u1ec3u bang GEORGIA.\n<\/h2>\t\t<\/div>\n\t\t\t\t<\/div>\n\t\t\t\t<div class=\"elementor-element elementor-element-3835c51 elementor-widget elementor-widget-text-editor\" data-id=\"3835c51\" data-element_type=\"widget\" data-widget_type=\"text-editor.default\">\n\t\t\t\t<div class=\"elementor-widget-container\">\n\t\t\t<style>\/*! elementor - v3.18.0 - 08-12-2023 *\/\n.elementor-widget-text-editor.elementor-drop-cap-view-stacked .elementor-drop-cap{background-color:#69727d;color:#fff}.elementor-widget-text-editor.elementor-drop-cap-view-framed .elementor-drop-cap{color:#69727d;border:3px solid;background-color:transparent}.elementor-widget-text-editor:not(.elementor-drop-cap-view-default) .elementor-drop-cap{margin-top:8px}.elementor-widget-text-editor:not(.elementor-drop-cap-view-default) .elementor-drop-cap-letter{width:1em;height:1em}.elementor-widget-text-editor .elementor-drop-cap{float:left;text-align:center;line-height:1;font-size:50px}.elementor-widget-text-editor .elementor-drop-cap-letter{display:inline-block}<\/style>\t\t\t\t<p>\u0110\u00e2y l\u00e0 m\u1ed9t d\u1ecbch v\u1ee5 <b>PHI L\u1ee2I NHU\u1eacN<\/b> \u0111\u01b0\u1ee3c c\u00f4ng ty <b>First Senior Center<\/b> t\u00e0i tr\u1ee3. D\u1ecbch v\u1ee5 n\u00e0y t\u1ea1o ra v\u1edbi mong mu\u1ed1n gi\u00fap cho <span style=\"color: #1a4c25; font-weight: bold;\">Qu\u00fd Cao Ni\u00ean c\u00f3 thu nh\u1eadp th\u1ea5p v\u00e0 nh\u1eefng gia \u0111\u00ecnh kh\u00f3 kh\u0103n c\u1ea7n s\u1ef1 gi\u00fap \u0111\u1ee1.<\/span> C\u1ee9 m\u1ed7i hai tu\u1ea7n, ch\u00fang t\u00f4i ph\u00e1t l\u01b0\u01a1ng th\u1ef1c, th\u1ef1c ph\u1ea9m \u0111\u1ee7 d\u00f9ng trong c\u1ea3 th\u00e1ng.<\/p>\t\t\t\t\t\t<\/div>\n\t\t\t\t<\/div>\n\t\t\t\t<div class=\"elementor-element elementor-element-d885242 elementor-widget elementor-widget-heading\" data-id=\"d885242\" data-element_type=\"widget\" data-widget_type=\"heading.default\">\n\t\t\t\t<div class=\"elementor-widget-container\">\n\t\t\t<h2 class=\"elementor-heading-title elementor-size-default\">L\u00e0m th\u1ebf n\u00e0o \u0111\u1ec3 \u0111\u01b0\u1ee3c nh\u1eadn th\u1ef1c ph\u1ea9m?<\/h2>\t\t<\/div>\n\t\t\t\t<\/div>\n\t\t\t\t<div class=\"elementor-element elementor-element-137dac9 elementor-widget elementor-widget-text-editor\" data-id=\"137dac9\" data-element_type=\"widget\" data-widget_type=\"text-editor.default\">\n\t\t\t\t<div class=\"elementor-widget-container\">\n\t\t\t\t\t\t\t<p>Qu\u00fd v\u1ecb vui l\u00f2ng:<br \/>&#8211; G\u1ecdi \u0111i\u1ec7n tho\u1ea1i tr\u1ef1c ti\u1ebfp \u0111\u1ebfn trung t\u00e2m \u0111\u1ec3 bi\u1ebft th\u00eam chi ti\u1ebft.<br \/>&#8211; Cho s\u1ed1 phone \u0111\u1ec3 nh\u1eadn \u0111\u01b0\u1ee3c tin nh\u1eafn t\u1eeb trung t\u00e2m.<br \/>&#8211; V\u00e0o facebook c\u1ee7a Trung T\u00e2m \u0111\u1ec3 bi\u1ebft ng\u00e0y ph\u00e1t th\u1ef1c ph\u1ea9m<\/p>\t\t\t\t\t\t<\/div>\n\t\t\t\t<\/div>\n\t\t\t\t<div class=\"elementor-element elementor-element-92818a0 elementor-widget elementor-widget-heading\" data-id=\"92818a0\" data-element_type=\"widget\" data-widget_type=\"heading.default\">\n\t\t\t\t<div class=\"elementor-widget-container\">\n\t\t\t<h2 class=\"elementor-heading-title elementor-size-default\">Ch\u01b0\u01a1ng tr\u00ecnh di\u1ec5n ra t\u1ea1i \u0111\u00e2u?<\/h2>\t\t<\/div>\n\t\t\t\t<\/div>\n\t\t\t\t<div class=\"elementor-element elementor-element-1af201a elementor-widget elementor-widget-text-editor\" data-id=\"1af201a\" data-element_type=\"widget\" data-widget_type=\"text-editor.default\">\n\t\t\t\t<div class=\"elementor-widget-container\">\n\t\t\t\t\t\t\t<p><span style=\"font-weight: 400;\">Food Pantry n\u1eb1m trong t\u00f2a nh\u00e0 1<\/span><span style=\"font-weight: 400;\">st<\/span><span style=\"font-weight: 400;\"> FSC Healthcare<\/span><\/p>\t\t\t\t\t\t<\/div>\n\t\t\t\t<\/div>\n\t\t\t\t<div class=\"elementor-element elementor-element-3ce05c4 elementor-widget elementor-widget-heading\" data-id=\"3ce05c4\" data-element_type=\"widget\" data-widget_type=\"heading.default\">\n\t\t\t\t<div class=\"elementor-widget-container\">\n\t\t\t<h2 class=\"elementor-heading-title elementor-size-default\">First Senior Center of Georgia<\/h2>\t\t<\/div>\n\t\t\t\t<\/div>\n\t\t\t\t<div class=\"elementor-element elementor-element-885de6a elementor-widget elementor-widget-text-editor\" data-id=\"885de6a\" data-element_type=\"widget\" data-widget_type=\"text-editor.default\">\n\t\t\t\t<div class=\"elementor-widget-container\">\n\t\t\t\t\t\t\t<p><span style=\"font-weight: 400;\">5555 Oakbrook Parkway,\u00a0<\/span><\/p><p><span style=\"font-weight: 400;\">Bldg. 500, Ste. 500-B<\/span><\/p><p><span style=\"font-weight: 400;\">Norcross, GA 30093<\/span><\/p>\t\t\t\t\t\t<\/div>\n\t\t\t\t<\/div>\n\t\t\t\t<div class=\"elementor-element elementor-element-483504b elementor-widget elementor-widget-heading\" data-id=\"483504b\" data-element_type=\"widget\" data-widget_type=\"heading.default\">\n\t\t\t\t<div class=\"elementor-widget-container\">\n\t\t\t<h2 class=\"elementor-heading-title elementor-size-default\">T\u1ea4T C\u1ea2 \u0110\u1ec0U MI\u1ec4N PH\u00cd!<\/h2>\t\t<\/div>\n\t\t\t\t<\/div>\n\t\t\t\t<div class=\"elementor-element elementor-element-8fd5e8f elementor-widget elementor-widget-text-editor\" data-id=\"8fd5e8f\" data-element_type=\"widget\" data-widget_type=\"text-editor.default\">\n\t\t\t\t<div class=\"elementor-widget-container\">\n\t\t\t\t\t\t\t<p><b>CH\u00daNG T\u00d4I LU\u00d4N S\u1eb4N S\u00c0NG PH\u1ee4C V\u1ee4, H\u00c3Y G\u1eccI NGAY H\u00d4M NAY!<\/b><\/p><p><b>(470) 289-2222<\/b> <span style=\"font-weight: 400;\">ho\u1eb7c<\/span> <b>(470) 889-4456<\/b><\/p>\t\t\t\t\t\t<\/div>\n\t\t\t\t<\/div>\n\t\t\t\t\t<\/div>\n\t\t\t\t<\/div>\n\t\t<div class=\"elementor-element elementor-element-01a4ae9 e-flex e-con-boxed e-con e-child\" data-id=\"01a4ae9\" data-element_type=\"container\" data-settings=\"{&quot;container_type&quot;:&quot;flex&quot;,&quot;content_width&quot;:&quot;boxed&quot;}\">\n\t\t\t\t\t<div class=\"e-con-inner\">\n\t\t\t\t<div class=\"elementor-element elementor-element-252444c elementor-widget elementor-widget-text-editor\" data-id=\"252444c\" data-element_type=\"widget\" data-widget_type=\"text-editor.default\">\n\t\t\t\t<div class=\"elementor-widget-container\">\n\t\t\t\t\t\t\t<p><b>FIRST SENIOR CENTER<\/b><\/p><p><b>5555 Oakbrook Pkwy, Bldg. 500, Ste. 500<\/b><\/p><p><b>Norcross, GA 30093<\/b><\/p><p><b>https:\/\/www.facebook.com\/ADHFirstSeniorCenter\/<\/b><\/p>\t\t\t\t\t\t<\/div>\n\t\t\t\t<\/div>\n\t\t\t\t<div class=\"elementor-element elementor-element-578d24e elementor-widget elementor-widget-image\" data-id=\"578d24e\" data-element_type=\"widget\" data-widget_type=\"image.default\">\n\t\t\t\t<div class=\"elementor-widget-container\">\n\t\t\t\t\t\t\t\t\t\t\t\t\t\t\t<img decoding=\"async\" width=\"193\" height=\"190\" src=\"https:\/\/firstseniorcenter.com\/wp-content\/uploads\/2023\/10\/2023-10-26_155617.png\" class=\"attachment-large size-large wp-image-795\" alt=\"\" \/>\t\t\t\t\t\t\t\t\t\t\t\t\t\t\t<\/div>\n\t\t\t\t<\/div>\n\t\t\t\t\t<\/div>\n\t\t\t\t<\/div>\n\t\t\t\t\t<\/div>\n\t\t\t\t<\/div>\n\t\t\t\t\t\t\t<\/div>","protected":false},"excerpt":{"rendered":"<p>D\u1ecbch V\u1ee5 FOOD PANTRY Ch\u00fang t\u00f4i l\u00e0 kho L\u01af\u01a0NG TH\u1ef0C L\u1edaN NH\u1ea4T cung c\u1ea5p TH\u1ef0C PH\u1ea8M MI\u1ec4N PH\u00cd t\u1ea1i ti\u1ec3u bang GEORGIA. \u0110\u00e2y l\u00e0 m\u1ed9t d\u1ecbch v\u1ee5 PHI L\u1ee2I NHU\u1eacN \u0111\u01b0\u1ee3c c\u00f4ng ty First Senior Center t\u00e0i tr\u1ee3. D\u1ecbch v\u1ee5 n\u00e0y t\u1ea1o ra v\u1edbi mong mu\u1ed1n gi\u00fap cho Qu\u00fd Cao Ni\u00ean c\u00f3 thu nh\u1eadp th\u1ea5p [&hellip;]<\/p>","protected":false},"author":1,"featured_media":0,"parent":0,"menu_order":0,"comment_status":"closed","ping_status":"closed","template":"","meta":{"_eb_attr":"","footnotes":""},"_links":{"self":[{"href":"https:\/\/firstseniorcenter.com\/en\/wp-json\/wp\/v2\/pages\/863"}],"collection":[{"href":"https:\/\/firstseniorcenter.com\/en\/wp-json\/wp\/v2\/pages"}],"about":[{"href":"https:\/\/firstseniorcenter.com\/en\/wp-json\/wp\/v2\/types\/page"}],"author":[{"embeddable":true,"href":"https:\/\/firstseniorcenter.com\/en\/wp-json\/wp\/v2\/users\/1"}],"replies":[{"embeddable":true,"href":"https:\/\/firstseniorcenter.com\/en\/wp-json\/wp\/v2\/comments?post=863"}],"version-history":[{"count":5,"href":"https:\/\/firstseniorcenter.com\/en\/wp-json\/wp\/v2\/pages\/863\/revisions"}],"predecessor-version":[{"id":1002,"href":"https:\/\/firstseniorcenter.com\/en\/wp-json\/wp\/v2\/pages\/863\/revisions\/1002"}],"wp:attachment":[{"href":"https:\/\/firstseniorcenter.com\/en\/wp-json\/wp\/v2\/media?parent=863"}],"curies":[{"name":"wp","href":"https:\/\/api.w.org\/{rel}","templated":true}]}}