{"id":938,"date":"2023-10-27T07:02:57","date_gmt":"2023-10-27T07:02:57","guid":{"rendered":"https:\/\/firstseniorcenter.com\/?page_id=938"},"modified":"2023-10-27T11:46:39","modified_gmt":"2023-10-27T11:46:39","slug":"dich-vu-dua-don-cao-nien-mien-phi","status":"publish","type":"page","link":"https:\/\/firstseniorcenter.com\/en\/dich-vu-dua-don-cao-nien-mien-phi\/","title":{"rendered":"D\u1ecbch v\u1ee5 \u0110\u01afA \u0110\u00d3N CAO NI\u00caN MI\u1ec4N PH\u00cd"},"content":{"rendered":"<div data-elementor-type=\"wp-page\" data-elementor-id=\"938\" class=\"elementor elementor-938\" data-elementor-post-type=\"page\">\n\t\t\t\t\t\t\t<div class=\"elementor-element elementor-element-ba900fd e-flex e-con-boxed e-con e-parent\" data-id=\"ba900fd\" data-element_type=\"container\" data-settings=\"{&quot;container_type&quot;:&quot;flex&quot;,&quot;content_width&quot;:&quot;boxed&quot;}\" data-core-v316-plus=\"true\">\n\t\t\t\t\t<div class=\"e-con-inner\">\n\t\t<div class=\"elementor-element elementor-element-bcf4d9a e-flex e-con-boxed e-con e-child\" data-id=\"bcf4d9a\" data-element_type=\"container\" data-settings=\"{&quot;container_type&quot;:&quot;flex&quot;,&quot;content_width&quot;:&quot;boxed&quot;}\">\n\t\t\t\t\t<div class=\"e-con-inner\">\n\t\t<div class=\"elementor-element elementor-element-9a9835e e-con-full e-flex e-con e-child\" data-id=\"9a9835e\" data-element_type=\"container\" data-settings=\"{&quot;content_width&quot;:&quot;full&quot;,&quot;background_background&quot;:&quot;classic&quot;,&quot;container_type&quot;:&quot;flex&quot;}\">\n\t\t\t\t<div class=\"elementor-element elementor-element-408c54c elementor-widget elementor-widget-image\" data-id=\"408c54c\" data-element_type=\"widget\" data-widget_type=\"image.default\">\n\t\t\t\t<div class=\"elementor-widget-container\">\n\t\t\t<style>\/*! elementor - v3.18.0 - 08-12-2023 *\/\n.elementor-widget-image{text-align:center}.elementor-widget-image a{display:inline-block}.elementor-widget-image a img[src$=\".svg\"]{width:48px}.elementor-widget-image img{vertical-align:middle;display:inline-block}<\/style>\t\t\t\t\t\t\t\t\t\t\t\t<img fetchpriority=\"high\" decoding=\"async\" width=\"276\" height=\"198\" src=\"https:\/\/firstseniorcenter.com\/wp-content\/uploads\/2023\/10\/2023-10-27_140412.png\" class=\"attachment-full size-full wp-image-940\" alt=\"\" \/>\t\t\t\t\t\t\t\t\t\t\t\t\t\t\t<\/div>\n\t\t\t\t<\/div>\n\t\t\t\t<\/div>\n\t\t<div class=\"elementor-element elementor-element-d8fe184 e-con-full e-flex e-con e-child\" data-id=\"d8fe184\" data-element_type=\"container\" data-settings=\"{&quot;content_width&quot;:&quot;full&quot;,&quot;container_type&quot;:&quot;flex&quot;}\">\n\t\t\t\t<div class=\"elementor-element elementor-element-9fca806 elementor-widget elementor-widget-heading\" data-id=\"9fca806\" data-element_type=\"widget\" data-widget_type=\"heading.default\">\n\t\t\t\t<div class=\"elementor-widget-container\">\n\t\t\t<style>\/*! elementor - v3.18.0 - 08-12-2023 *\/\n.elementor-heading-title{padding:0;margin:0;line-height:1}.elementor-widget-heading .elementor-heading-title[class*=elementor-size-]>a{color:inherit;font-size:inherit;line-height:inherit}.elementor-widget-heading .elementor-heading-title.elementor-size-small{font-size:15px}.elementor-widget-heading .elementor-heading-title.elementor-size-medium{font-size:19px}.elementor-widget-heading .elementor-heading-title.elementor-size-large{font-size:29px}.elementor-widget-heading .elementor-heading-title.elementor-size-xl{font-size:39px}.elementor-widget-heading .elementor-heading-title.elementor-size-xxl{font-size:59px}<\/style><h2 class=\"elementor-heading-title elementor-size-default\">D\u1ecbch V\u1ee5<\/h2>\t\t<\/div>\n\t\t\t\t<\/div>\n\t\t\t\t<div class=\"elementor-element elementor-element-d5a8432 elementor-widget elementor-widget-heading\" data-id=\"d5a8432\" data-element_type=\"widget\" data-widget_type=\"heading.default\">\n\t\t\t\t<div class=\"elementor-widget-container\">\n\t\t\t<h1 class=\"elementor-heading-title elementor-size-default\">\u0110\u01afA \u0110\u00d3N CAO NI\u00caN MI\u1ec4N PH\u00cd<\/h1>\t\t<\/div>\n\t\t\t\t<\/div>\n\t\t\t\t<\/div>\n\t\t\t\t\t<\/div>\n\t\t\t\t<\/div>\n\t\t<div class=\"elementor-element elementor-element-4125eab e-flex e-con-boxed e-con e-child\" data-id=\"4125eab\" data-element_type=\"container\" data-settings=\"{&quot;container_type&quot;:&quot;flex&quot;,&quot;content_width&quot;:&quot;boxed&quot;}\">\n\t\t\t\t\t<div class=\"e-con-inner\">\n\t\t\t\t<div class=\"elementor-element elementor-element-03f04be elementor-widget elementor-widget-heading\" data-id=\"03f04be\" data-element_type=\"widget\" data-widget_type=\"heading.default\">\n\t\t\t\t<div class=\"elementor-widget-container\">\n\t\t\t<h2 class=\"elementor-heading-title elementor-size-default\">1<sup>st<\/sup> SENIOR TRANSPORT l\u00e0 d\u1ecbch v\u1ee5 \u0111\u01b0a \u0111\u00f3n mi\u1ec5n ph\u00ed cho H\u1ed9i vi\u00ean c\u1ee7a Trung T\u00e2m.<\/h2>\t\t<\/div>\n\t\t\t\t<\/div>\n\t\t\t\t<div class=\"elementor-element elementor-element-3835c51 elementor-widget elementor-widget-text-editor\" data-id=\"3835c51\" data-element_type=\"widget\" data-widget_type=\"text-editor.default\">\n\t\t\t\t<div class=\"elementor-widget-container\">\n\t\t\t<style>\/*! elementor - v3.18.0 - 08-12-2023 *\/\n.elementor-widget-text-editor.elementor-drop-cap-view-stacked .elementor-drop-cap{background-color:#69727d;color:#fff}.elementor-widget-text-editor.elementor-drop-cap-view-framed .elementor-drop-cap{color:#69727d;border:3px solid;background-color:transparent}.elementor-widget-text-editor:not(.elementor-drop-cap-view-default) .elementor-drop-cap{margin-top:8px}.elementor-widget-text-editor:not(.elementor-drop-cap-view-default) .elementor-drop-cap-letter{width:1em;height:1em}.elementor-widget-text-editor .elementor-drop-cap{float:left;text-align:center;line-height:1;font-size:50px}.elementor-widget-text-editor .elementor-drop-cap-letter{display:inline-block}<\/style>\t\t\t\t<p><span style=\"font-weight: 400;\">\u0110\u00e2y l\u00e0 m\u1ed9t d\u1ecbch v\u1ee5 <\/span><b>PHI L\u1ee2I NHU\u1eacN <\/b><span style=\"font-weight: 400;\">\u0111\u01b0\u1ee3c c\u00f4ng ty <\/span><b>First Senior Center <\/b><span style=\"font-weight: 400;\">t\u00e0i tr\u1ee3. Qu\u00ed Cao Ni\u00ean s\u1ebd \u0111\u01b0\u1ee3c \u0111\u01b0a \u0111\u00f3n t\u1eadn t\u00ecnh v\u1edbi s\u1ef1 chuy\u00ean nghi\u1ec7p v\u00e0 uy t\u00edn c\u1ee7a \u0111\u1ed9i ng\u0169 T\u00e0i X\u1ebf d\u1ec5 th\u01b0\u01a1ng c\u1ee7a ch\u00fang t\u00f4i:<\/span><\/p>\t\t\t\t\t\t<\/div>\n\t\t\t\t<\/div>\n\t\t\t\t<div class=\"elementor-element elementor-element-d885242 elementor-widget elementor-widget-heading\" data-id=\"d885242\" data-element_type=\"widget\" data-widget_type=\"heading.default\">\n\t\t\t\t<div class=\"elementor-widget-container\">\n\t\t\t<h2 class=\"elementor-heading-title elementor-size-default\">1. Ch\u01b0\u01a1ng tr\u00ecnh \u0111\u01b0a \u0111\u00f3n mi\u1ec5n ph\u00ed cho H\u1ed9i vi\u00ean<\/h2>\t\t<\/div>\n\t\t\t\t<\/div>\n\t\t\t\t<div class=\"elementor-element elementor-element-137dac9 elementor-widget elementor-widget-text-editor\" data-id=\"137dac9\" data-element_type=\"widget\" data-widget_type=\"text-editor.default\">\n\t\t\t\t<div class=\"elementor-widget-container\">\n\t\t\t\t\t\t\t<ul>\n    <li>Ch\u00fang t\u00f4i gi\u00fap g\u1ecdi, \u0111\u1eb7t l\u1ecbch h\u1eb9n v\u1edbi B\u00e1c s\u0129.<\/li>\n    <li>\u0110\u01b0a \u0111\u00f3n Qu\u00ed Cao Ni\u00ean \u0111i kh\u00e1m b\u1ec7nh, \u0111i B\u1ec7nh Vi\u1ec7n.<\/li>\n    <li>Ch\u00fang t\u00f4i c\u00f2n gi\u00fap trong vi\u1ec7c th\u00f4ng d\u1ecbch t\u1ea1i v\u0103n ph\u00f2ng B\u00e1c s\u0129 v\u00e0 B\u1ec7nh Vi\u1ec7n (khi c\u1ea7n).<\/li>\n    <li>\u0110\u01b0a \u0111\u00f3n Qu\u00ed Cao Ni\u00ean \u0111\u1ebfn sinh ho\u1ea1t t\u1ea1i Trung T\u00e2m t\u1eeb 9h s\u00e1ng \u0111\u1ebfn 2h chi\u1ec1u v\u00e0o c\u00e1c ng\u00e0y trong tu\u1ea7n.<\/li>\n<\/ul>\n\t\t\t\t\t\t<\/div>\n\t\t\t\t<\/div>\n\t\t\t\t<div class=\"elementor-element elementor-element-e72f125 elementor-widget elementor-widget-heading\" data-id=\"e72f125\" data-element_type=\"widget\" data-widget_type=\"heading.default\">\n\t\t\t\t<div class=\"elementor-widget-container\">\n\t\t\t<h2 class=\"elementor-heading-title elementor-size-default\">2. Ch\u01b0\u01a1ng tr\u00ecnh \u0111\u01b0a \u0111\u00f3n Qu\u00ed Cao Ni\u00ean ch\u01b0a l\u00e0 h\u1ed9i vi\u00ean v\u1edbi chi ph\u00ed th\u1ea5p<\/h2>\t\t<\/div>\n\t\t\t\t<\/div>\n\t\t\t\t<div class=\"elementor-element elementor-element-6d2431f elementor-widget elementor-widget-text-editor\" data-id=\"6d2431f\" data-element_type=\"widget\" data-widget_type=\"text-editor.default\">\n\t\t\t\t<div class=\"elementor-widget-container\">\n\t\t\t\t\t\t\t<ul><li><span style=\"font-weight: 400;\">S\u1eafp t\u1edbi , Trung T\u00e2m c\u00f3 k\u1ebf ho\u1ea1ch h\u1ee3p t\u00e1c c\u00f9ng m\u1ed9t v\u00e0i c\u00f4ng ty V\u1eadn Chuy\u1ec3n \u0111\u1ecba ph\u01b0\u01a1ng \u0111\u1ec3 gi\u00fap Qu\u00ed Cao Ni\u00ean \u0111i l\u1ea1i v\u1edbi chi ph\u00ed th\u1ea5p.\u00a0 <\/span><\/li><\/ul>\t\t\t\t\t\t<\/div>\n\t\t\t\t<\/div>\n\t\t\t\t<div class=\"elementor-element elementor-element-483504b elementor-widget elementor-widget-heading\" data-id=\"483504b\" data-element_type=\"widget\" data-widget_type=\"heading.default\">\n\t\t\t\t<div class=\"elementor-widget-container\">\n\t\t\t<h2 class=\"elementor-heading-title elementor-size-default\">T\u1ea4T C\u1ea2 \u0110\u1ec0U MI\u1ec4N PH\u00cd!<\/h2>\t\t<\/div>\n\t\t\t\t<\/div>\n\t\t\t\t<div class=\"elementor-element elementor-element-b364b67 elementor-widget elementor-widget-text-editor\" data-id=\"b364b67\" data-element_type=\"widget\" data-widget_type=\"text-editor.default\">\n\t\t\t\t<div class=\"elementor-widget-container\">\n\t\t\t\t\t\t\t<p><b>CH\u00daNG T\u00d4I LU\u00d4N S\u1eb4N S\u00c0NG PH\u1ee4C V\u1ee4, H\u00c3Y G\u1eccI NGAY H\u00d4M NAY!<\/b><\/p><p><b>(470) 289-2222<\/b> <span style=\"font-weight: 400;\">ho\u1eb7c<\/span> <b>(470) 889-4456<\/b><\/p>\t\t\t\t\t\t<\/div>\n\t\t\t\t<\/div>\n\t\t\t\t\t<\/div>\n\t\t\t\t<\/div>\n\t\t<div class=\"elementor-element elementor-element-01a4ae9 e-flex e-con-boxed e-con e-child\" data-id=\"01a4ae9\" data-element_type=\"container\" data-settings=\"{&quot;container_type&quot;:&quot;flex&quot;,&quot;content_width&quot;:&quot;boxed&quot;}\">\n\t\t\t\t\t<div class=\"e-con-inner\">\n\t\t\t\t<div class=\"elementor-element elementor-element-252444c elementor-widget elementor-widget-text-editor\" data-id=\"252444c\" data-element_type=\"widget\" data-widget_type=\"text-editor.default\">\n\t\t\t\t<div class=\"elementor-widget-container\">\n\t\t\t\t\t\t\t<p><b>FIRST SENIOR CENTER<\/b><\/p><p><b>5555 Oakbrook Pkwy, Bldg. 500, Ste. 500<\/b><\/p><p><b>Norcross, GA 30093<\/b><\/p><p><b>https:\/\/www.facebook.com\/ADHFirstSeniorCenter\/<\/b><\/p>\t\t\t\t\t\t<\/div>\n\t\t\t\t<\/div>\n\t\t\t\t<div class=\"elementor-element elementor-element-578d24e elementor-widget elementor-widget-image\" data-id=\"578d24e\" data-element_type=\"widget\" data-widget_type=\"image.default\">\n\t\t\t\t<div class=\"elementor-widget-container\">\n\t\t\t\t\t\t\t\t\t\t\t\t\t\t\t<img decoding=\"async\" width=\"193\" height=\"190\" src=\"https:\/\/firstseniorcenter.com\/wp-content\/uploads\/2023\/10\/2023-10-26_155617.png\" class=\"attachment-large size-large wp-image-795\" alt=\"\" \/>\t\t\t\t\t\t\t\t\t\t\t\t\t\t\t<\/div>\n\t\t\t\t<\/div>\n\t\t\t\t\t<\/div>\n\t\t\t\t<\/div>\n\t\t\t\t\t<\/div>\n\t\t\t\t<\/div>\n\t\t\t\t\t\t\t<\/div>","protected":false},"excerpt":{"rendered":"<p>D\u1ecbch V\u1ee5 \u0110\u01afA \u0110\u00d3N CAO NI\u00caN MI\u1ec4N PH\u00cd 1st SENIOR TRANSPORT l\u00e0 d\u1ecbch v\u1ee5 \u0111\u01b0a \u0111\u00f3n mi\u1ec5n ph\u00ed cho H\u1ed9i vi\u00ean c\u1ee7a Trung T\u00e2m. \u0110\u00e2y l\u00e0 m\u1ed9t d\u1ecbch v\u1ee5 PHI L\u1ee2I NHU\u1eacN \u0111\u01b0\u1ee3c c\u00f4ng ty First Senior Center t\u00e0i tr\u1ee3. Qu\u00ed Cao Ni\u00ean s\u1ebd \u0111\u01b0\u1ee3c \u0111\u01b0a \u0111\u00f3n t\u1eadn t\u00ecnh v\u1edbi s\u1ef1 chuy\u00ean nghi\u1ec7p v\u00e0 uy [&hellip;]<\/p>","protected":false},"author":1,"featured_media":0,"parent":0,"menu_order":0,"comment_status":"closed","ping_status":"closed","template":"","meta":{"_eb_attr":"","footnotes":""},"_links":{"self":[{"href":"https:\/\/firstseniorcenter.com\/en\/wp-json\/wp\/v2\/pages\/938"}],"collection":[{"href":"https:\/\/firstseniorcenter.com\/en\/wp-json\/wp\/v2\/pages"}],"about":[{"href":"https:\/\/firstseniorcenter.com\/en\/wp-json\/wp\/v2\/types\/page"}],"author":[{"embeddable":true,"href":"https:\/\/firstseniorcenter.com\/en\/wp-json\/wp\/v2\/users\/1"}],"replies":[{"embeddable":true,"href":"https:\/\/firstseniorcenter.com\/en\/wp-json\/wp\/v2\/comments?post=938"}],"version-history":[{"count":5,"href":"https:\/\/firstseniorcenter.com\/en\/wp-json\/wp\/v2\/pages\/938\/revisions"}],"predecessor-version":[{"id":1011,"href":"https:\/\/firstseniorcenter.com\/en\/wp-json\/wp\/v2\/pages\/938\/revisions\/1011"}],"wp:attachment":[{"href":"https:\/\/firstseniorcenter.com\/en\/wp-json\/wp\/v2\/media?parent=938"}],"curies":[{"name":"wp","href":"https:\/\/api.w.org\/{rel}","templated":true}]}}