{"id":958,"date":"2023-10-27T10:10:58","date_gmt":"2023-10-27T10:10:58","guid":{"rendered":"https:\/\/firstseniorcenter.com\/?page_id=958"},"modified":"2023-10-27T11:38:07","modified_gmt":"2023-10-27T11:38:07","slug":"chuong-trinh-cham-soc-suc-khoe-vui-choi-giai-tri-cho-cao-nien","status":"publish","type":"page","link":"https:\/\/firstseniorcenter.com\/en\/chuong-trinh-cham-soc-suc-khoe-vui-choi-giai-tri-cho-cao-nien\/","title":{"rendered":"Ch\u01b0\u01a1ng tr\u00ecnh Ch\u0103m S\u00f3c S\u1ee9c Kh\u1ecfe, Vui Ch\u01a1i, Gi\u1ea3i Tr\u00ed cho Cao Ni\u00ean"},"content":{"rendered":"<div data-elementor-type=\"wp-page\" data-elementor-id=\"958\" class=\"elementor elementor-958\" data-elementor-post-type=\"page\">\n\t\t\t\t\t\t\t<div class=\"elementor-element elementor-element-5f4ffdd e-flex e-con-boxed e-con e-parent\" data-id=\"5f4ffdd\" data-element_type=\"container\" data-settings=\"{&quot;container_type&quot;:&quot;flex&quot;,&quot;content_width&quot;:&quot;boxed&quot;}\" data-core-v316-plus=\"true\">\n\t\t\t\t\t<div class=\"e-con-inner\">\n\t\t<div class=\"elementor-element elementor-element-a99933a e-flex e-con-boxed e-con e-child\" data-id=\"a99933a\" data-element_type=\"container\" data-settings=\"{&quot;container_type&quot;:&quot;flex&quot;,&quot;content_width&quot;:&quot;boxed&quot;}\">\n\t\t\t\t\t<div class=\"e-con-inner\">\n\t\t\t\t<div class=\"elementor-element elementor-element-7cb676a elementor-widget elementor-widget-image\" data-id=\"7cb676a\" data-element_type=\"widget\" data-widget_type=\"image.default\">\n\t\t\t\t<div class=\"elementor-widget-container\">\n\t\t\t<style>\/*! elementor - v3.18.0 - 08-12-2023 *\/\n.elementor-widget-image{text-align:center}.elementor-widget-image a{display:inline-block}.elementor-widget-image a img[src$=\".svg\"]{width:48px}.elementor-widget-image img{vertical-align:middle;display:inline-block}<\/style>\t\t\t\t\t\t\t\t\t\t\t\t<img decoding=\"async\" width=\"233\" height=\"169\" src=\"https:\/\/firstseniorcenter.com\/wp-content\/uploads\/2023\/10\/2023-10-27_133820.png\" class=\"attachment-large size-large wp-image-892\" alt=\"\" \/>\t\t\t\t\t\t\t\t\t\t\t\t\t\t\t<\/div>\n\t\t\t\t<\/div>\n\t\t<div class=\"elementor-element elementor-element-394466b e-con-full e-flex e-con e-child\" data-id=\"394466b\" data-element_type=\"container\" data-settings=\"{&quot;content_width&quot;:&quot;full&quot;,&quot;container_type&quot;:&quot;flex&quot;}\">\n\t\t\t\t<div class=\"elementor-element elementor-element-1fd3e6b elementor-widget elementor-widget-heading\" data-id=\"1fd3e6b\" data-element_type=\"widget\" data-widget_type=\"heading.default\">\n\t\t\t\t<div class=\"elementor-widget-container\">\n\t\t\t<style>\/*! elementor - v3.18.0 - 08-12-2023 *\/\n.elementor-heading-title{padding:0;margin:0;line-height:1}.elementor-widget-heading .elementor-heading-title[class*=elementor-size-]>a{color:inherit;font-size:inherit;line-height:inherit}.elementor-widget-heading .elementor-heading-title.elementor-size-small{font-size:15px}.elementor-widget-heading .elementor-heading-title.elementor-size-medium{font-size:19px}.elementor-widget-heading .elementor-heading-title.elementor-size-large{font-size:29px}.elementor-widget-heading .elementor-heading-title.elementor-size-xl{font-size:39px}.elementor-widget-heading .elementor-heading-title.elementor-size-xxl{font-size:59px}<\/style><h2 class=\"elementor-heading-title elementor-size-default\">Ch\u01b0\u01a1ng tr\u00ecnh<\/h2>\t\t<\/div>\n\t\t\t\t<\/div>\n\t\t\t\t<div class=\"elementor-element elementor-element-893af15 elementor-widget elementor-widget-heading\" data-id=\"893af15\" data-element_type=\"widget\" data-widget_type=\"heading.default\">\n\t\t\t\t<div class=\"elementor-widget-container\">\n\t\t\t<h1 class=\"elementor-heading-title elementor-size-default\">Ch\u0103m S\u00f3c S\u1ee9c Kh\u1ecfe, Vui Ch\u01a1i, Gi\u1ea3i Tr\u00ed cho Cao Ni\u00ean<\/h1>\t\t<\/div>\n\t\t\t\t<\/div>\n\t\t\t\t<\/div>\n\t\t\t\t\t<\/div>\n\t\t\t\t<\/div>\n\t\t<div class=\"elementor-element elementor-element-eaa84f4 e-flex e-con-boxed e-con e-child\" data-id=\"eaa84f4\" data-element_type=\"container\" data-settings=\"{&quot;container_type&quot;:&quot;flex&quot;,&quot;content_width&quot;:&quot;boxed&quot;}\">\n\t\t\t\t\t<div class=\"e-con-inner\">\n\t\t\t\t<div class=\"elementor-element elementor-element-a4cba69 elementor-widget elementor-widget-heading\" data-id=\"a4cba69\" data-element_type=\"widget\" data-widget_type=\"heading.default\">\n\t\t\t\t<div class=\"elementor-widget-container\">\n\t\t\t<h2 class=\"elementor-heading-title elementor-size-default\">V\u00ec sao Qu\u00fd Cao Ni\u00ean n\u00ean tr\u1edf th\u00e0nh h\u1ed9i vi\u00ean c\u1ee7a trung t\u00e2m?<\/h2>\t\t<\/div>\n\t\t\t\t<\/div>\n\t\t\t\t<div class=\"elementor-element elementor-element-8fbacf8 elementor-widget elementor-widget-text-editor\" data-id=\"8fbacf8\" data-element_type=\"widget\" data-widget_type=\"text-editor.default\">\n\t\t\t\t<div class=\"elementor-widget-container\">\n\t\t\t<style>\/*! elementor - v3.18.0 - 08-12-2023 *\/\n.elementor-widget-text-editor.elementor-drop-cap-view-stacked .elementor-drop-cap{background-color:#69727d;color:#fff}.elementor-widget-text-editor.elementor-drop-cap-view-framed .elementor-drop-cap{color:#69727d;border:3px solid;background-color:transparent}.elementor-widget-text-editor:not(.elementor-drop-cap-view-default) .elementor-drop-cap{margin-top:8px}.elementor-widget-text-editor:not(.elementor-drop-cap-view-default) .elementor-drop-cap-letter{width:1em;height:1em}.elementor-widget-text-editor .elementor-drop-cap{float:left;text-align:center;line-height:1;font-size:50px}.elementor-widget-text-editor .elementor-drop-cap-letter{display:inline-block}<\/style>\t\t\t\t<strong style=\"color: #1a4c25\">First Senior Center<\/strong> l\u00e0 m\u1ed9t trung t\u00e2m <strong style=\"color: #1a4c25\">CH\u0102M S\u00d3C S\u1ee8C KH\u1eceE BAN NG\u00c0Y (DAYCARE)<\/strong> cho Qu\u00fd Cao Ni\u00ean. T\u1ea1i \u0111\u00e2y, ch\u00fang t\u00f4i c\u00f3 nh\u1eefng ho\u1ea1t \u0111\u1ed9ng gi\u00fap H\u1ed9i vi\u00ean n\u00e2ng cao th\u1ec3 ch\u1ea5t v\u00e0 tinh th\u1ea7n nh\u01b0:\t\t\t\t\t\t<\/div>\n\t\t\t\t<\/div>\n\t\t\t\t<div class=\"elementor-element elementor-element-49664cb elementor-widget elementor-widget-text-editor\" data-id=\"49664cb\" data-element_type=\"widget\" data-widget_type=\"text-editor.default\">\n\t\t\t\t<div class=\"elementor-widget-container\">\n\t\t\t\t\t\t\t<p>1. D\u1ecbch v\u1ee5 ch\u0103m s\u00f3c s\u1ee9c kh\u1ecfe<br \/>&#8211; Y t\u00e1 h\u1ecfi th\u0103m v\u00e0 ch\u0103m s\u00f3c s\u1ee9c kh\u1ecfe c\u00e1c v\u1ecb cao ni\u00ean h\u00e0ng ng\u00e0y<br \/>&#8211; V\u1eadt l\u00fd tr\u1ecb li\u1ec7u, Ch\u00e2m c\u1ee9u v\u00e0 Massage<br \/>&#8211; B\u00e1c S\u0129 chuy\u00ean m\u00f4n t\u01b0 v\u1ea5n v\u00e0 gi\u1ea3i \u0111\u00e1p c\u00e1c th\u1eafc m\u1eafc li\u00ean quan \u0111\u1ebfn b\u1ec7nh ng\u01b0\u1eddi gi\u00e0<br \/>&#8211; Tham gia c\u00e1c l\u1edbp th\u1ec3 d\u1ee5c, d\u01b0\u1ee1ng sinh<\/p>\t\t\t\t\t\t<\/div>\n\t\t\t\t<\/div>\n\t\t\t\t<div class=\"elementor-element elementor-element-1f658d4 elementor-widget elementor-widget-text-editor\" data-id=\"1f658d4\" data-element_type=\"widget\" data-widget_type=\"text-editor.default\">\n\t\t\t\t<div class=\"elementor-widget-container\">\n\t\t\t\t\t\t\t<p>2. D\u1ecbch v\u1ee5 vui ch\u01a1i gi\u1ea3i tr\u00ed n\u00e2ng cao \u0111\u1eddi s\u1ed1ng tinh th\u1ea7n:<br \/>&#8211; H\u1ecdc ti\u1ebfng Anh, vi t\u00ednh<br \/>&#8211; H\u00e1t cho nhau nghe, khi\u00eau v\u0169, h\u1ed9i h\u1ecda, trang tr\u00ed, b\u00f3ng b\u00e0n, c\u1edd vua, c\u1edd t\u01b0\u1edbng, c\u00e1 ng\u1ef1a, domino, l\u00f4 t\u00f4 tr\u00fang th\u01b0\u1edfng&#8230;<br \/>&#8211; Spa, massage, th\u01b0 gi\u00e3n, g\u1ed9i \u0111\u1ea7u, l\u00e0m \u0111\u1eb9p&#8230;<\/p>\t\t\t\t\t\t<\/div>\n\t\t\t\t<\/div>\n\t\t\t\t<div class=\"elementor-element elementor-element-d9a0b1d elementor-widget elementor-widget-text-editor\" data-id=\"d9a0b1d\" data-element_type=\"widget\" data-widget_type=\"text-editor.default\">\n\t\t\t\t<div class=\"elementor-widget-container\">\n\t\t\t\t\t\t\t<p>\u0110\u1eb7c bi\u1ec7t:<br \/>&#8211; Ph\u1ee5c v\u1ee5 tr\u00e0, caf\u00e9, \u0103n s\u00e1ng v\u00e0 \u0103n tr\u01b0a m\u1ed7i ng\u00e0y<br \/>&#8211; C\u00e1c bu\u1ed5i n\u00f3i chuy\u1ec7n chuy\u00ean \u0111\u1ec1 li\u00ean quan \u0111\u1ebfn ph\u00fac l\u1ee3i d\u00e0nh cho cao ni\u00ean<\/p>\t\t\t\t\t\t<\/div>\n\t\t\t\t<\/div>\n\t\t\t\t<div class=\"elementor-element elementor-element-0eee213 elementor-widget elementor-widget-heading\" data-id=\"0eee213\" data-element_type=\"widget\" data-widget_type=\"heading.default\">\n\t\t\t\t<div class=\"elementor-widget-container\">\n\t\t\t<h2 class=\"elementor-heading-title elementor-size-default\">\u0110i\u1ec1u ki\u1ec7n \u0111\u1ec3 tr\u1edf th\u00e0nh H\u1ed9i Vi\u00ean?<\/h2>\t\t<\/div>\n\t\t\t\t<\/div>\n\t\t\t\t<div class=\"elementor-element elementor-element-84a57be elementor-widget elementor-widget-text-editor\" data-id=\"84a57be\" data-element_type=\"widget\" data-widget_type=\"text-editor.default\">\n\t\t\t\t<div class=\"elementor-widget-container\">\n\t\t\t\t\t\t\t<ul>\n<li>L\u00e0 c\u00f4ng d\u00e2n M\u1ef9 ho\u1eb7c c\u00f3 TH\u1eba XANH t\u1eeb 5 N\u0102M tr\u1edf l\u00ean<\/li>\n<li>L\u00e0 ng\u01b0\u1eddi v\u1ec1 h\u01b0u t\u1eeb 65 tu\u1ed5i tr\u1edf l\u00ean \u0111\u00e3 c\u00f3 SSA (l\u01b0\u01a1ng h\u01b0u), ho\u1eb7c SSI (ti\u1ec1n gi\u00e0) ho\u1eb7c Medicaid (B\u1ea3o hi\u1ec3m ch\u00ednh ph\u1ee7)<\/li>\n<li>L\u00e0 ng\u01b0\u1eddi khuy\u1ebft t\u1eadt v\u1ec1 th\u1ec3 ch\u1ea5t t\u1eeb 18 tu\u1ed5i tr\u1edf l\u00ean<\/li>\n<\/ul>\t\t\t\t\t\t<\/div>\n\t\t\t\t<\/div>\n\t\t\t\t\t<\/div>\n\t\t\t\t<\/div>\n\t\t\t\t\t<\/div>\n\t\t\t\t<\/div>\n\t\t\t\t\t\t\t<\/div>","protected":false},"excerpt":{"rendered":"<p>Ch\u01b0\u01a1ng tr\u00ecnh Ch\u0103m S\u00f3c S\u1ee9c Kh\u1ecfe, Vui Ch\u01a1i, Gi\u1ea3i Tr\u00ed cho Cao Ni\u00ean V\u00ec sao Qu\u00fd Cao Ni\u00ean n\u00ean tr\u1edf th\u00e0nh h\u1ed9i vi\u00ean c\u1ee7a trung t\u00e2m? First Senior Center l\u00e0 m\u1ed9t trung t\u00e2m CH\u0102M S\u00d3C S\u1ee8C KH\u1eceE BAN NG\u00c0Y (DAYCARE) cho Qu\u00fd Cao Ni\u00ean. T\u1ea1i \u0111\u00e2y, ch\u00fang t\u00f4i c\u00f3 nh\u1eefng ho\u1ea1t \u0111\u1ed9ng gi\u00fap H\u1ed9i vi\u00ean [&hellip;]<\/p>","protected":false},"author":1,"featured_media":0,"parent":0,"menu_order":0,"comment_status":"closed","ping_status":"closed","template":"","meta":{"_eb_attr":"","footnotes":""},"_links":{"self":[{"href":"https:\/\/firstseniorcenter.com\/en\/wp-json\/wp\/v2\/pages\/958"}],"collection":[{"href":"https:\/\/firstseniorcenter.com\/en\/wp-json\/wp\/v2\/pages"}],"about":[{"href":"https:\/\/firstseniorcenter.com\/en\/wp-json\/wp\/v2\/types\/page"}],"author":[{"embeddable":true,"href":"https:\/\/firstseniorcenter.com\/en\/wp-json\/wp\/v2\/users\/1"}],"replies":[{"embeddable":true,"href":"https:\/\/firstseniorcenter.com\/en\/wp-json\/wp\/v2\/comments?post=958"}],"version-history":[{"count":5,"href":"https:\/\/firstseniorcenter.com\/en\/wp-json\/wp\/v2\/pages\/958\/revisions"}],"predecessor-version":[{"id":984,"href":"https:\/\/firstseniorcenter.com\/en\/wp-json\/wp\/v2\/pages\/958\/revisions\/984"}],"wp:attachment":[{"href":"https:\/\/firstseniorcenter.com\/en\/wp-json\/wp\/v2\/media?parent=958"}],"curies":[{"name":"wp","href":"https:\/\/api.w.org\/{rel}","templated":true}]}}