{"id":967,"date":"2023-10-27T10:52:18","date_gmt":"2023-10-27T10:52:18","guid":{"rendered":"https:\/\/firstseniorcenter.com\/?page_id=967"},"modified":"2023-10-27T11:37:30","modified_gmt":"2023-10-27T11:37:30","slug":"chuong-trinh-cham-soc-suc-khoe-cao-nien-tai-gia","status":"publish","type":"page","link":"https:\/\/firstseniorcenter.com\/en\/chuong-trinh-cham-soc-suc-khoe-cao-nien-tai-gia\/","title":{"rendered":"Ch\u01b0\u01a1ng tr\u00ecnh Ch\u0103m S\u00f3c S\u1ee9c Kh\u1ecfe Cao Ni\u00ean T\u1ea1i Gia"},"content":{"rendered":"<div data-elementor-type=\"wp-page\" data-elementor-id=\"967\" class=\"elementor elementor-967\" data-elementor-post-type=\"page\">\n\t\t\t\t\t\t\t<div class=\"elementor-element elementor-element-5f4ffdd e-flex e-con-boxed e-con e-parent\" data-id=\"5f4ffdd\" data-element_type=\"container\" data-settings=\"{&quot;container_type&quot;:&quot;flex&quot;,&quot;content_width&quot;:&quot;boxed&quot;}\" data-core-v316-plus=\"true\">\n\t\t\t\t\t<div class=\"e-con-inner\">\n\t\t<div class=\"elementor-element elementor-element-a99933a e-flex e-con-boxed e-con e-child\" data-id=\"a99933a\" data-element_type=\"container\" data-settings=\"{&quot;container_type&quot;:&quot;flex&quot;,&quot;content_width&quot;:&quot;boxed&quot;}\">\n\t\t\t\t\t<div class=\"e-con-inner\">\n\t\t\t\t<div class=\"elementor-element elementor-element-7cb676a elementor-widget elementor-widget-image\" data-id=\"7cb676a\" data-element_type=\"widget\" data-widget_type=\"image.default\">\n\t\t\t\t<div class=\"elementor-widget-container\">\n\t\t\t<style>\/*! elementor - v3.18.0 - 08-12-2023 *\/\n.elementor-widget-image{text-align:center}.elementor-widget-image a{display:inline-block}.elementor-widget-image a img[src$=\".svg\"]{width:48px}.elementor-widget-image img{vertical-align:middle;display:inline-block}<\/style>\t\t\t\t\t\t\t\t\t\t\t\t<img decoding=\"async\" width=\"233\" height=\"169\" src=\"https:\/\/firstseniorcenter.com\/wp-content\/uploads\/2023\/10\/2023-10-27_133820.png\" class=\"attachment-large size-large wp-image-892\" alt=\"\" \/>\t\t\t\t\t\t\t\t\t\t\t\t\t\t\t<\/div>\n\t\t\t\t<\/div>\n\t\t<div class=\"elementor-element elementor-element-394466b e-con-full e-flex e-con e-child\" data-id=\"394466b\" data-element_type=\"container\" data-settings=\"{&quot;content_width&quot;:&quot;full&quot;,&quot;container_type&quot;:&quot;flex&quot;}\">\n\t\t\t\t<div class=\"elementor-element elementor-element-1fd3e6b elementor-widget elementor-widget-heading\" data-id=\"1fd3e6b\" data-element_type=\"widget\" data-widget_type=\"heading.default\">\n\t\t\t\t<div class=\"elementor-widget-container\">\n\t\t\t<style>\/*! elementor - v3.18.0 - 08-12-2023 *\/\n.elementor-heading-title{padding:0;margin:0;line-height:1}.elementor-widget-heading .elementor-heading-title[class*=elementor-size-]>a{color:inherit;font-size:inherit;line-height:inherit}.elementor-widget-heading .elementor-heading-title.elementor-size-small{font-size:15px}.elementor-widget-heading .elementor-heading-title.elementor-size-medium{font-size:19px}.elementor-widget-heading .elementor-heading-title.elementor-size-large{font-size:29px}.elementor-widget-heading .elementor-heading-title.elementor-size-xl{font-size:39px}.elementor-widget-heading .elementor-heading-title.elementor-size-xxl{font-size:59px}<\/style><h2 class=\"elementor-heading-title elementor-size-default\">Ch\u01b0\u01a1ng tr\u00ecnh<\/h2>\t\t<\/div>\n\t\t\t\t<\/div>\n\t\t\t\t<div class=\"elementor-element elementor-element-893af15 elementor-widget elementor-widget-heading\" data-id=\"893af15\" data-element_type=\"widget\" data-widget_type=\"heading.default\">\n\t\t\t\t<div class=\"elementor-widget-container\">\n\t\t\t<h1 class=\"elementor-heading-title elementor-size-default\">Ch\u0103m S\u00f3c S\u1ee9c Kh\u1ecfe Cao Ni\u00ean T\u1ea1i Gia<\/h1>\t\t<\/div>\n\t\t\t\t<\/div>\n\t\t\t\t<\/div>\n\t\t\t\t\t<\/div>\n\t\t\t\t<\/div>\n\t\t<div class=\"elementor-element elementor-element-eaa84f4 e-flex e-con-boxed e-con e-child\" data-id=\"eaa84f4\" data-element_type=\"container\" data-settings=\"{&quot;container_type&quot;:&quot;flex&quot;,&quot;content_width&quot;:&quot;boxed&quot;}\">\n\t\t\t\t\t<div class=\"e-con-inner\">\n\t\t\t\t<div class=\"elementor-element elementor-element-a4cba69 elementor-widget elementor-widget-heading\" data-id=\"a4cba69\" data-element_type=\"widget\" data-widget_type=\"heading.default\">\n\t\t\t\t<div class=\"elementor-widget-container\">\n\t\t\t<h2 class=\"elementor-heading-title elementor-size-default\">V\u00ec sao Qu\u00fd Cao Ni\u00ean n\u00ean tr\u1edf th\u00e0nh h\u1ed9i vi\u00ean c\u1ee7a trung t\u00e2m?<\/h2>\t\t<\/div>\n\t\t\t\t<\/div>\n\t\t\t\t<div class=\"elementor-element elementor-element-8fbacf8 elementor-widget elementor-widget-text-editor\" data-id=\"8fbacf8\" data-element_type=\"widget\" data-widget_type=\"text-editor.default\">\n\t\t\t\t<div class=\"elementor-widget-container\">\n\t\t\t<style>\/*! elementor - v3.18.0 - 08-12-2023 *\/\n.elementor-widget-text-editor.elementor-drop-cap-view-stacked .elementor-drop-cap{background-color:#69727d;color:#fff}.elementor-widget-text-editor.elementor-drop-cap-view-framed .elementor-drop-cap{color:#69727d;border:3px solid;background-color:transparent}.elementor-widget-text-editor:not(.elementor-drop-cap-view-default) .elementor-drop-cap{margin-top:8px}.elementor-widget-text-editor:not(.elementor-drop-cap-view-default) .elementor-drop-cap-letter{width:1em;height:1em}.elementor-widget-text-editor .elementor-drop-cap{float:left;text-align:center;line-height:1;font-size:50px}.elementor-widget-text-editor .elementor-drop-cap-letter{display:inline-block}<\/style>\t\t\t\t<p><strong style=\"color: #1a4c25;\">1<sup>st<\/sup> Senior Center<\/strong> l\u00e0 m\u1ed9t trung t\u00e2m <strong style=\"color: #1a4c25;\">CH\u0102M S\u00d3C S\u1ee8C KH\u1eceE T\u1ea0I GIA (HOMECARE)<\/strong> cho Qu\u00fd Cao Ni\u00ean. Khi l\u00e0 h\u1ed9i vi\u00ean c\u1ee7a ch\u01b0\u01a1ng tr\u00ecnh, Qu\u00fd H\u1ed9i Vi\u00ean s\u1ebd c\u00f3 m\u1ed9t Ng\u01b0\u1eddi Ch\u0103m S\u00f3c ri\u00eang cho m\u00ecnh trong c\u00e1c sinh ho\u1ea1t h\u1eb1ng ng\u00e0y nh\u01b0:<\/p><ul><li>\u0110i l\u1ea5y thu\u1ed1c v\u00e0 nh\u1eafc nh\u1edf gi\u1edd gi\u1ea5c u\u1ed1ng thu\u1ed1c<\/li><li>Tr\u00f2 chuy\u1ec7n, \u0111\u1ecdc s\u00e1ch, b\u00e1o, tin t\u1ee9c, chia s\u1ebb tin t\u1ee9c \u0111\u1eddi th\u01b0\u1eddng gi\u00fap H\u1ed9i vi\u00ean k\u1ebft n\u1ed1i h\u01a1n v\u1edbi cu\u1ed9c s\u1ed1ng hi\u1ec7n \u0111\u1ea1i<\/li><li>House cleaning and tidying up<\/li><li>Grocery shopping and meal preparation<\/li><li>H\u1ed7 tr\u1ee3 c\u00e1c ho\u1ea1t \u0111\u1ed9ng v\u1ec7 sinh thi\u1ebft y\u1ebfu c\u00e1 nh\u00e2n<\/li><\/ul>\t\t\t\t\t\t<\/div>\n\t\t\t\t<\/div>\n\t\t\t\t<div class=\"elementor-element elementor-element-db3f132 elementor-widget elementor-widget-heading\" data-id=\"db3f132\" data-element_type=\"widget\" data-widget_type=\"heading.default\">\n\t\t\t\t<div class=\"elementor-widget-container\">\n\t\t\t<h3 class=\"elementor-heading-title elementor-size-default\">Who are Caregivers?<\/h3>\t\t<\/div>\n\t\t\t\t<\/div>\n\t\t\t\t<div class=\"elementor-element elementor-element-49664cb elementor-widget elementor-widget-text-editor\" data-id=\"49664cb\" data-element_type=\"widget\" data-widget_type=\"text-editor.default\">\n\t\t\t\t<div class=\"elementor-widget-container\">\n\t\t\t\t\t\t\t<ul>\n<li>Ng\u01b0\u1eddi ch\u0103m s\u00f3c l\u00e0 nh\u1eefng ng\u01b0\u1eddi \u0111\u00e3 \u0111\u01b0\u1ee3c tuy\u1ec3n ch\u1ecdn k\u1ef9 l\u01b0\u1ee1ng \u0111\u1ec3 \u0111\u1ea3m b\u1ea3o s\u1ef1 an to\u00e0n cho Qu\u00fd H\u1ed9i Vi\u00ean. H\u1ecd l\u00e0 nh\u1eefng ng\u01b0\u1eddi \u00e2n c\u1ea7n, t\u1eadn t\u00e2m, chu \u0111\u00e1o v\u00e0 nhi\u1ec7t t\u00ecnh m\u00e0 Qu\u00fd H\u1ed9i Vi\u00ean c\u00f3 th\u1ec3 an t\u00e2m khi c\u00f3 h\u1ecd \u1edf b\u00ean c\u1ea1nh, ch\u0103m s\u00f3c v\u00e0 gi\u00fap \u0111\u1ee1 t\u1ea1i nh\u00e0<\/li>\n<li>Ng\u01b0\u1eddi ch\u0103m s\u00f3c c\u0169ng c\u00f3 th\u1ec3 l\u00e0 ch\u00ednh ng\u01b0\u1eddi nh\u00e0 c\u1ee7a H\u1ed9i Vi\u00ean. \u0110i\u1ec1u n\u00e0y t\u00f9y thu\u1ed9c v\u00e0o mong mu\u1ed1n v\u00e0 y\u00eau c\u1ea7u c\u1ee7a H\u1ed9i Vi\u00ean.<\/li>\n<\/ul>\t\t\t\t\t\t<\/div>\n\t\t\t\t<\/div>\n\t\t\t\t<div class=\"elementor-element elementor-element-0eee213 elementor-widget elementor-widget-heading\" data-id=\"0eee213\" data-element_type=\"widget\" data-widget_type=\"heading.default\">\n\t\t\t\t<div class=\"elementor-widget-container\">\n\t\t\t<h2 class=\"elementor-heading-title elementor-size-default\">\u0110i\u1ec1u ki\u1ec7n \u0111\u1ec3 tr\u1edf th\u00e0nh H\u1ed9i Vi\u00ean?<\/h2>\t\t<\/div>\n\t\t\t\t<\/div>\n\t\t\t\t<div class=\"elementor-element elementor-element-84a57be elementor-widget elementor-widget-text-editor\" data-id=\"84a57be\" data-element_type=\"widget\" data-widget_type=\"text-editor.default\">\n\t\t\t\t<div class=\"elementor-widget-container\">\n\t\t\t\t\t\t\t<ul>\n<li>L\u00e0 c\u00f4ng d\u00e2n M\u1ef9 ho\u1eb7c c\u00f3 TH\u1eba XANH t\u1eeb 5 N\u0102M tr\u1edf l\u00ean<\/li>\n<li>L\u00e0 ng\u01b0\u1eddi v\u1ec1 h\u01b0u t\u1eeb 65 tu\u1ed5i tr\u1edf l\u00ean \u0111\u00e3 c\u00f3 SSA (l\u01b0\u01a1ng h\u01b0u), ho\u1eb7c SSI (ti\u1ec1n gi\u00e0) ho\u1eb7c Medicaid (B\u1ea3o hi\u1ec3m ch\u00ednh ph\u1ee7)<\/li>\n<li>L\u00e0 ng\u01b0\u1eddi khuy\u1ebft t\u1eadt v\u1ec1 th\u1ec3 ch\u1ea5t t\u1eeb 18 tu\u1ed5i tr\u1edf l\u00ean<\/li>\n<\/ul>\t\t\t\t\t\t<\/div>\n\t\t\t\t<\/div>\n\t\t\t\t\t<\/div>\n\t\t\t\t<\/div>\n\t\t\t\t\t<\/div>\n\t\t\t\t<\/div>\n\t\t\t\t\t\t\t<\/div>","protected":false},"excerpt":{"rendered":"<p>Ch\u01b0\u01a1ng tr\u00ecnh Ch\u0103m S\u00f3c S\u1ee9c Kh\u1ecfe Cao Ni\u00ean T\u1ea1i Gia V\u00ec sao Qu\u00fd Cao Ni\u00ean n\u00ean tr\u1edf th\u00e0nh h\u1ed9i vi\u00ean c\u1ee7a trung t\u00e2m? 1st Senior Center l\u00e0 m\u1ed9t trung t\u00e2m CH\u0102M S\u00d3C S\u1ee8C KH\u1eceE T\u1ea0I GIA (HOMECARE) cho Qu\u00fd Cao Ni\u00ean. Khi l\u00e0 h\u1ed9i vi\u00ean c\u1ee7a ch\u01b0\u01a1ng tr\u00ecnh, Qu\u00fd H\u1ed9i Vi\u00ean s\u1ebd c\u00f3 m\u1ed9t Ng\u01b0\u1eddi [&hellip;]<\/p>","protected":false},"author":1,"featured_media":0,"parent":0,"menu_order":0,"comment_status":"closed","ping_status":"closed","template":"","meta":{"_eb_attr":"","footnotes":""},"_links":{"self":[{"href":"https:\/\/firstseniorcenter.com\/en\/wp-json\/wp\/v2\/pages\/967"}],"collection":[{"href":"https:\/\/firstseniorcenter.com\/en\/wp-json\/wp\/v2\/pages"}],"about":[{"href":"https:\/\/firstseniorcenter.com\/en\/wp-json\/wp\/v2\/types\/page"}],"author":[{"embeddable":true,"href":"https:\/\/firstseniorcenter.com\/en\/wp-json\/wp\/v2\/users\/1"}],"replies":[{"embeddable":true,"href":"https:\/\/firstseniorcenter.com\/en\/wp-json\/wp\/v2\/comments?post=967"}],"version-history":[{"count":5,"href":"https:\/\/firstseniorcenter.com\/en\/wp-json\/wp\/v2\/pages\/967\/revisions"}],"predecessor-version":[{"id":981,"href":"https:\/\/firstseniorcenter.com\/en\/wp-json\/wp\/v2\/pages\/967\/revisions\/981"}],"wp:attachment":[{"href":"https:\/\/firstseniorcenter.com\/en\/wp-json\/wp\/v2\/media?parent=967"}],"curies":[{"name":"wp","href":"https:\/\/api.w.org\/{rel}","templated":true}]}}